{"id":64,"date":"2016-07-06T22:40:54","date_gmt":"2016-07-06T22:40:54","guid":{"rendered":"http:\/\/hpha.org.ar\/?page_id=64"},"modified":"2021-05-11T03:22:02","modified_gmt":"2021-05-11T03:22:02","slug":"gestion-de-riesgos-y-respuesta-a-desastres","status":"publish","type":"page","link":"https:\/\/hpha.org.ar\/en\/gestion-de-riesgos-y-respuesta-a-desastres\/","title":{"rendered":"Gesti\u00f3n de riesgos y respuesta a desastres"},"content":{"rendered":"Habitat para la Humanidad Argentina tiene una larga trayectoria de respuestas variadas a diferentes eventos clim\u00e1ticos de nuestro pa\u00eds: Desastre H\u00eddrico en Santa Fe (2003), Alud en Tartagal (2006), Terremoto en Chile (2019), Efectos de las cenizas en Ing. Jacobacci (2011), adem\u00e1s de respuestas a inundaciones menores en varias partes del pa\u00eds (Luj\u00e1n, La Plata, Santiago del Estero). En estas oportunidades, H\u00e1bitat para la Humanidad Argentina despleg\u00f3 voluntarios para acompa\u00f1ar el regreso a casa y la limpieza de casas post desastres.<\/p>\n<p>&nbsp;<\/p>\n<p>Entre otras acciones, H\u00e1bitat para la Humanidad Argentina ha sido implementadora local de un proyecto DIPECHO con financiamiento de la Comunidad Europea para diagnosticar la Visi\u00f3n de Primera L\u00ednea de la aplicaci\u00f3n del Marco de Hyogo en comunidades locales de Buenos Aires, Santa Fe y San Juan.<\/p>\n<p>&nbsp;<\/p>\n<p>Formamos parte de la Plataforma Nacional de Gesti\u00f3n de Riesgo y Respuesta a Desastres, como as\u00ed tambi\u00e9n la Mesa ConSoc de la representaci\u00f3n del Banco Interamericano de Desarrollo en la Argentina sobre esta tem\u00e1tica. En este \u00e1mbito participamos durante el 2015 de la Mesa Tem\u00e1tica sobre GDR de Desastres del Grupo Consultivo del ConSoc y en el 2016 se present\u00f3 la sistematizaci\u00f3n de algunos casos y experiencias desprendidas de esta Mesa, que se encuentran compilados en la publicaci\u00f3n <em>Lecciones aprendidas \u2013 Una mirada de la gesti\u00f3n de riesgo de desastres desde el nivel local en Argentina.<\/em>","protected":false},"excerpt":{"rendered":"<p>Habitat para la Humanidad Argentina tiene una larga trayectoria de respuestas variadas a diferentes eventos clim\u00e1ticos de nuestro pa\u00eds: Desastre H\u00eddrico en Santa Fe (2003), Alud en Tartagal (2006), Terremoto en Chile (2019), Efectos de las cenizas en Ing. Jacobacci (2011), adem\u00e1s de respuestas a inundaciones menores en varias partes del pa\u00eds (Luj\u00e1n, La Plata,<\/p>\n<div class=\"post-actions\"><a class=\"button small\" href=\"https:\/\/hpha.org.ar\/en\/gestion-de-riesgos-y-respuesta-a-desastres\/\">Leer M\u00e1s<\/a><\/div>\n","protected":false},"author":7,"featured_media":983,"parent":0,"menu_order":0,"comment_status":"closed","ping_status":"closed","template":"","meta":{"_acf_changed":false,"om_disable_all_campaigns":false,"_monsterinsights_skip_tracking":false,"_monsterinsights_sitenote_active":false,"_monsterinsights_sitenote_note":"","_monsterinsights_sitenote_category":0,"_uf_show_specific_survey":0,"_uf_disable_surveys":false,"footnotes":""},"class_list":["post-64","page","type-page","status-publish","has-post-thumbnail","hentry"],"acf":[],"aioseo_notices":[],"rttpg_featured_image_url":{"full":["https:\/\/hpha.org.ar\/wp-content\/uploads\/2016\/07\/2_7nueva.jpg",3264,2448,false],"landscape":["https:\/\/hpha.org.ar\/wp-content\/uploads\/2016\/07\/2_7nueva.jpg",3264,2448,false],"portraits":["https:\/\/hpha.org.ar\/wp-content\/uploads\/2016\/07\/2_7nueva.jpg",3264,2448,false],"thumbnail":["https:\/\/hpha.org.ar\/wp-content\/uploads\/2016\/07\/2_7nueva-150x150.jpg",150,150,true],"medium":["https:\/\/hpha.org.ar\/wp-content\/uploads\/2016\/07\/2_7nueva-300x225.jpg",300,225,true],"large":["https:\/\/hpha.org.ar\/wp-content\/uploads\/2016\/07\/2_7nueva-1024x768.jpg",860,645,true],"1536x1536":["https:\/\/hpha.org.ar\/wp-content\/uploads\/2016\/07\/2_7nueva.jpg",1536,1152,false],"2048x2048":["https:\/\/hpha.org.ar\/wp-content\/uploads\/2016\/07\/2_7nueva.jpg",2048,1536,false],"small-header":["https:\/\/hpha.org.ar\/wp-content\/uploads\/2016\/07\/2_7nueva-1800x220.jpg",1800,220,true],"small-event":["https:\/\/hpha.org.ar\/wp-content\/uploads\/2016\/07\/2_7nueva-100x85.jpg",100,85,true],"medium-event":["https:\/\/hpha.org.ar\/wp-content\/uploads\/2016\/07\/2_7nueva-270x150.jpg",270,150,true],"large-event":["https:\/\/hpha.org.ar\/wp-content\/uploads\/2016\/07\/2_7nueva-770x330.jpg",770,330,true],"large-event-2":["https:\/\/hpha.org.ar\/wp-content\/uploads\/2016\/07\/2_7nueva-540x440.jpg",540,440,true],"document-thumb":["https:\/\/hpha.org.ar\/wp-content\/uploads\/2016\/07\/2_7nueva-400x300.jpg",400,300,true],"gallery-full":["https:\/\/hpha.org.ar\/wp-content\/uploads\/2016\/07\/2_7nueva-1660x880.jpg",1660,880,true],"gallery-thumb":["https:\/\/hpha.org.ar\/wp-content\/uploads\/2016\/07\/2_7nueva-540x330.jpg",540,330,true],"cause-medium":["https:\/\/hpha.org.ar\/wp-content\/uploads\/2016\/07\/2_7nueva-900x525.jpg",900,525,true],"staff-home":["https:\/\/hpha.org.ar\/wp-content\/uploads\/2016\/07\/2_7nueva-292x248.jpg",292,248,true]},"rttpg_author":{"display_name":"Paula","author_link":"https:\/\/hpha.org.ar\/en\/author\/habitatonar\/"},"rttpg_comment":0,"rttpg_category":null,"rttpg_excerpt":"Habitat para la Humanidad Argentina tiene una larga trayectoria de respuestas variadas a diferentes eventos clim\u00e1ticos de nuestro pa\u00eds: Desastre H\u00eddrico en Santa Fe (2003), Alud en Tartagal (2006), Terremoto en Chile (2019), Efectos de las cenizas en Ing. Jacobacci (2011), adem\u00e1s de respuestas a inundaciones menores en varias partes del pa\u00eds (Luj\u00e1n, La Plata,Leer&hellip;","_links":{"self":[{"href":"https:\/\/hpha.org.ar\/en\/wp-json\/wp\/v2\/pages\/64","targetHints":{"allow":["GET"]}}],"collection":[{"href":"https:\/\/hpha.org.ar\/en\/wp-json\/wp\/v2\/pages"}],"about":[{"href":"https:\/\/hpha.org.ar\/en\/wp-json\/wp\/v2\/types\/page"}],"author":[{"embeddable":true,"href":"https:\/\/hpha.org.ar\/en\/wp-json\/wp\/v2\/users\/7"}],"replies":[{"embeddable":true,"href":"https:\/\/hpha.org.ar\/en\/wp-json\/wp\/v2\/comments?post=64"}],"version-history":[{"count":15,"href":"https:\/\/hpha.org.ar\/en\/wp-json\/wp\/v2\/pages\/64\/revisions"}],"predecessor-version":[{"id":3920,"href":"https:\/\/hpha.org.ar\/en\/wp-json\/wp\/v2\/pages\/64\/revisions\/3920"}],"wp:featuredmedia":[{"embeddable":true,"href":"https:\/\/hpha.org.ar\/en\/wp-json\/wp\/v2\/media\/983"}],"wp:attachment":[{"href":"https:\/\/hpha.org.ar\/en\/wp-json\/wp\/v2\/media?parent=64"}],"curies":[{"name":"wp","href":"https:\/\/api.w.org\/{rel}","templated":true}]}}