{"id":607,"date":"2017-02-14T06:18:31","date_gmt":"2017-02-14T06:18:31","guid":{"rendered":"http:\/\/hpha.org.ar\/?page_id=607"},"modified":"2026-04-06T18:10:16","modified_gmt":"2026-04-06T21:10:16","slug":"nuestras-publicaciones","status":"publish","type":"page","link":"https:\/\/hpha.org.ar\/en\/nuestras-publicaciones\/","title":{"rendered":"Nuestras publicaciones"},"content":{"rendered":"H\u00e1bitat para la Humanidad Argentina sistematiza la mayor\u00eda de sus experiencias y las pone a disposici\u00f3n para ser consultadas y compartidas.<\/p>\n<p>&nbsp;<\/p>\n<p>Todas nuestras publicaciones est\u00e1n disponibles en <a href=\"https:\/\/issuu.com\/hphargentina\">ISSUU<\/a>.<\/p>\n<p>&nbsp;<\/p>\n<ul>\n<li><strong>Alquileres Justos. Soluciones urbanas para Buenos Aires &#8211; Mar\u00eda Elena Acosta &#8211; 2017<\/strong><\/li>\n<\/ul>\n<p>Estudio que describe la experiencia de H\u00e1bitat para la Humanidad Argentina Asociaci\u00f3n Civil en la ejecuci\u00f3n del proyecto Soluciones Urbanas para la Ciudad Aut\u00f3noma de Buenos Aires, cuyo objetivo ha sido que familias que viv\u00edan en conventillos, hoteles e inquilinatos accedan a Alquileres Justos.<\/p>\n<p><a href=\"https:\/\/issuu.com\/hphargentina\/docs\/alquileres_justos._soluciones_urban_0778b7de975e77\">Leer m\u00e1s aqu\u00ed<\/a><\/p>\n<p>&nbsp;<\/p>\n<ul>\n<li><strong>Techos aislantes colectores de agua<\/strong>\u00a0<strong>&#8211; Hacia soluciones habitacionales en la zona del Gran Chaco, Argentina\u00a0&#8211; 2017<\/strong><\/li>\n<\/ul>\n<p>Este informe describe el dise\u00f1o y proceso de construcci\u00f3n de un techo aislante colector de agua de lluvia que se propone para acompa\u00f1ar la construcci\u00f3n de cisternas de placas para el almacenamiento de agua en \u00e1reas rurales del Gran Chaco Argentino. Realizaci\u00f3n: Arqtos. Rotondaro, Trillo y Leveratto para H\u00e1bitat para la Humanidad Argentina.<br \/>\nUna alianza de Samsung Electronics con H\u00e1bitat para la Humanidad Argentina.<\/p>\n<p><a href=\"https:\/\/issuu.com\/hphargentina\/docs\/gran_chaco_techos_2017\">Leer m\u00e1s aqu\u00ed<\/a><\/p>\n<p>&nbsp;<\/p>\n<ul>\n<li><strong>Lecciones aprendidas.\u00a0Una mirada de la gesti\u00f3n de riesgo de desastres desde el nivel local en Argentina BID &#8211; 2016<\/strong><\/li>\n<\/ul>\n<p>Aportes de los grupos consultivos del ConSOC en la tem\u00e1tica de gesti\u00f3n de riesgo de desastres de los que HPHA forma parte. La publicaci\u00f3n compila estos aportes referidos a terremotos, inundaciones, entre otras amenazas naturales enfocada en la construcci\u00f3n de estrategias y en la identificaci\u00f3n de casos que permitan contribuir con esta misi\u00f3n en sus tres dimensiones: identificaci\u00f3n y reducci\u00f3n del riesgo, as\u00ed como respuesta a la emergencia. La mesa tem\u00e1tica busc\u00f3 reconocer casos donde la sociedad civil -en sus m\u00faltiples formas- haya intervenido en desastres dentro del territorio. Publicaci\u00f3n del Banco Interamericano de Desarrollo. Viviana Alva Hart, Jorgelina Hardoy, Florencia Almansi, Carlos Amanquez, Ana Cutts, Sergio Lacambra, Vanina Di Paola, Alejandra Celis.<\/p>\n<p><a href=\"https:\/\/issuu.com\/hphargentina\/docs\/unamiradagdr_bid2016\">Leer m\u00e1s aqu\u00ed<\/a><\/p>\n<p>&nbsp;<\/p>\n<ul>\n<li><strong>Proceso de dise\u00f1o participativo para el mejoramiento habitacional &#8211; Gran Chaco Argentino &#8211; 2016<\/strong><\/li>\n<\/ul>\n<p>En el marco del proyecto Samsung Nanum Village, H\u00e1bitat para la Humanidad Argentina implement\u00f3 una metodolog\u00eda participativa antes de la efectiva realizaci\u00f3n de mejoras habitacionales. Esta tarea que aqu\u00ed se presenta proporcion\u00f3 informaci\u00f3n acerca de costumbres y h\u00e1bitos espec\u00edficos de la poblaci\u00f3n y logr\u00f3 una mayor implicaci\u00f3n de la comunidad local en la b\u00fasqueda de soluciones acordes a su realidad y necesidades.<\/p>\n<p><a href=\"https:\/\/issuu.com\/hphargentina\/docs\/dise__o_participativo_gran_chaco\">Leer m\u00e1s aqu\u00ed<\/a><\/p>\n<p>&nbsp;<\/p>\n<ul>\n<li><strong>Diagn\u00f3stico Socio-Econ\u00f3mico y Habitacional Barrio Los Piletones, Ciudad de Buenos Aires, Argentina &#8211; 2016<\/strong><\/li>\n<\/ul>\n<p>Realizado por H\u00e1bitat para la Humanidad Argentina Civil durante noviembre\/diciembre 2015 y enero 2016, y describe informaci\u00f3n sobre la vivienda y el h\u00e1bitat, as\u00ed como tambi\u00e9n la situaci\u00f3n socio-econ\u00f3mica que se establece en el Barrio Los Piletones.<\/p>\n<p><a href=\"https:\/\/issuu.com\/hphargentina\/docs\/diagn__stico_lospiletones_hpha2014\">Leer m\u00e1s aqu\u00ed<\/a><\/p>\n<p>&nbsp;<\/p>\n<ul>\n<li><strong>Informe de Diagn\u00f3stico &#8211; Hacia soluciones habitacionales en la zona del Gran Chaco, Argentina\u00a0&#8211; 2015<\/strong><\/li>\n<\/ul>\n<p>Este informe es realizado en alianza entre la empresa Samsung Electronics y H\u00e1bitat para la Humanidad Argentina. Es un diagn\u00f3stico sobre las particularidades habitacionales y sociales de la zona del oeste de las provincias de Formosa y Chaco, especialmente. Fue realizado en territorio por un equipo interdisciplinario de profesionales.<\/p>\n<p><a href=\"https:\/\/issuu.com\/hphargentina\/docs\/diagnostico_gran_chaco_hpha2015\">Leer m\u00e1s aqu\u00ed<\/a><\/p>\n<p>&nbsp;<\/p>\n<ul>\n<li><strong>Alquileres Tutelados &#8211; Una nueva soluci\u00f3n habitacional &#8211; 2007<\/strong><\/li>\n<\/ul>\n<p>Informe de diagn\u00f3stico y propuesta de H\u00e1bitat para la Humanidad Argentina sobre el tema alquileres en la Ciudad de Buenos Aires.<\/p>\n<p><a href=\"https:\/\/issuu.com\/hphargentina\/docs\/alquileres_tutelados_r\">Leer m\u00e1s aqu\u00ed<\/a><\/p>\n<p>&nbsp;<\/p>\n<ul>\n<li><strong>Diagnostico &#8211; Relevamiento de viabilidad para acciones en AMBA &#8211; 2007 <\/strong><\/li>\n<\/ul>\n<p>Conclusiones obtenidas por H\u00e1bitat para la Humanidad Argentina sobre el relevamiento realizado para evaluar la viabilidad de acciones en el \u00e1rea Metropolitana de Buenos Aires (AMBA).<\/p>\n<p><a href=\"https:\/\/issuu.com\/hphargentina\/docs\/diagnostico_-_informe_final_-_relev\">Leer m\u00e1s aqu\u00ed<\/a><\/p>\n<p>&nbsp;<\/p>\n<ul>\n<li><strong><a href=\"https:\/\/issuu.com\/hphargentina\/docs\/hpha-anuario2016\">Anuario 2016<\/a><\/strong><\/li>\n<li><a href=\"https:\/\/issuu.com\/hphargentina\/docs\/anuario2015_calidad_web\"><strong>Anuario 2015<\/strong><\/a><\/li>\n<li><a href=\"https:\/\/issuu.com\/hphargentina\/docs\/anuario_habitat_2014_baja\"><strong>Anuario 2014<\/strong><\/a><\/li>\n<\/ul>\n<p>&nbsp;","protected":false},"excerpt":{"rendered":"<p>H\u00e1bitat para la Humanidad Argentina sistematiza la mayor\u00eda de sus experiencias y las pone a disposici\u00f3n para ser consultadas y compartidas. &nbsp; Todas nuestras publicaciones est\u00e1n disponibles en ISSUU. &nbsp; Alquileres Justos. Soluciones urbanas para Buenos Aires &#8211; Mar\u00eda Elena Acosta &#8211; 2017 Estudio que describe la experiencia de H\u00e1bitat para la Humanidad Argentina Asociaci\u00f3n<\/p>\n<div class=\"post-actions\"><a class=\"button small\" href=\"https:\/\/hpha.org.ar\/en\/nuestras-publicaciones\/\">Leer M\u00e1s<\/a><\/div>\n","protected":false},"author":7,"featured_media":5115,"parent":0,"menu_order":0,"comment_status":"closed","ping_status":"closed","template":"","meta":{"_acf_changed":false,"om_disable_all_campaigns":false,"_monsterinsights_skip_tracking":false,"_monsterinsights_sitenote_active":false,"_monsterinsights_sitenote_note":"","_monsterinsights_sitenote_category":0,"_uf_show_specific_survey":0,"_uf_disable_surveys":false,"footnotes":""},"class_list":["post-607","page","type-page","status-publish","has-post-thumbnail","hentry"],"acf":[],"aioseo_notices":[],"rttpg_featured_image_url":{"full":["https:\/\/hpha.org.ar\/wp-content\/uploads\/2025\/11\/Copia-de-Web-Header-Image-1.png",1200,447,false],"landscape":["https:\/\/hpha.org.ar\/wp-content\/uploads\/2025\/11\/Copia-de-Web-Header-Image-1.png",1200,447,false],"portraits":["https:\/\/hpha.org.ar\/wp-content\/uploads\/2025\/11\/Copia-de-Web-Header-Image-1.png",1200,447,false],"thumbnail":["https:\/\/hpha.org.ar\/wp-content\/uploads\/2025\/11\/Copia-de-Web-Header-Image-1.png",150,56,false],"medium":["https:\/\/hpha.org.ar\/wp-content\/uploads\/2025\/11\/Copia-de-Web-Header-Image-1.png",300,112,false],"large":["https:\/\/hpha.org.ar\/wp-content\/uploads\/2025\/11\/Copia-de-Web-Header-Image-1.png",860,320,false],"1536x1536":["https:\/\/hpha.org.ar\/wp-content\/uploads\/2025\/11\/Copia-de-Web-Header-Image-1.png",1200,447,false],"2048x2048":["https:\/\/hpha.org.ar\/wp-content\/uploads\/2025\/11\/Copia-de-Web-Header-Image-1.png",1200,447,false],"small-header":["https:\/\/hpha.org.ar\/wp-content\/uploads\/2025\/11\/Copia-de-Web-Header-Image-1.png",591,220,false],"small-event":["https:\/\/hpha.org.ar\/wp-content\/uploads\/2025\/11\/Copia-de-Web-Header-Image-1.png",100,37,false],"medium-event":["https:\/\/hpha.org.ar\/wp-content\/uploads\/2025\/11\/Copia-de-Web-Header-Image-1.png",270,101,false],"large-event":["https:\/\/hpha.org.ar\/wp-content\/uploads\/2025\/11\/Copia-de-Web-Header-Image-1.png",770,287,false],"large-event-2":["https:\/\/hpha.org.ar\/wp-content\/uploads\/2025\/11\/Copia-de-Web-Header-Image-1.png",540,201,false],"document-thumb":["https:\/\/hpha.org.ar\/wp-content\/uploads\/2025\/11\/Copia-de-Web-Header-Image-1.png",400,149,false],"gallery-full":["https:\/\/hpha.org.ar\/wp-content\/uploads\/2025\/11\/Copia-de-Web-Header-Image-1.png",1200,447,false],"gallery-thumb":["https:\/\/hpha.org.ar\/wp-content\/uploads\/2025\/11\/Copia-de-Web-Header-Image-1.png",540,201,false],"cause-medium":["https:\/\/hpha.org.ar\/wp-content\/uploads\/2025\/11\/Copia-de-Web-Header-Image-1.png",900,335,false],"staff-home":["https:\/\/hpha.org.ar\/wp-content\/uploads\/2025\/11\/Copia-de-Web-Header-Image-1.png",292,109,false]},"rttpg_author":{"display_name":"Paula","author_link":"https:\/\/hpha.org.ar\/en\/author\/habitatonar\/"},"rttpg_comment":0,"rttpg_category":null,"rttpg_excerpt":"H\u00e1bitat para la Humanidad Argentina sistematiza la mayor\u00eda de sus experiencias y las pone a disposici\u00f3n para ser consultadas y compartidas. &nbsp; Todas nuestras publicaciones est\u00e1n disponibles en ISSUU. &nbsp; Alquileres Justos. Soluciones urbanas para Buenos Aires &#8211; Mar\u00eda Elena Acosta &#8211; 2017 Estudio que describe la experiencia de H\u00e1bitat para la Humanidad Argentina Asociaci\u00f3nLeer&hellip;","_links":{"self":[{"href":"https:\/\/hpha.org.ar\/en\/wp-json\/wp\/v2\/pages\/607","targetHints":{"allow":["GET"]}}],"collection":[{"href":"https:\/\/hpha.org.ar\/en\/wp-json\/wp\/v2\/pages"}],"about":[{"href":"https:\/\/hpha.org.ar\/en\/wp-json\/wp\/v2\/types\/page"}],"author":[{"embeddable":true,"href":"https:\/\/hpha.org.ar\/en\/wp-json\/wp\/v2\/users\/7"}],"replies":[{"embeddable":true,"href":"https:\/\/hpha.org.ar\/en\/wp-json\/wp\/v2\/comments?post=607"}],"version-history":[{"count":70,"href":"https:\/\/hpha.org.ar\/en\/wp-json\/wp\/v2\/pages\/607\/revisions"}],"predecessor-version":[{"id":749,"href":"https:\/\/hpha.org.ar\/en\/wp-json\/wp\/v2\/pages\/607\/revisions\/749"}],"wp:featuredmedia":[{"embeddable":true,"href":"https:\/\/hpha.org.ar\/en\/wp-json\/wp\/v2\/media\/5115"}],"wp:attachment":[{"href":"https:\/\/hpha.org.ar\/en\/wp-json\/wp\/v2\/media?parent=607"}],"curies":[{"name":"wp","href":"https:\/\/api.w.org\/{rel}","templated":true}]}}