{"id":52,"date":"2016-07-06T22:10:13","date_gmt":"2016-07-06T22:10:13","guid":{"rendered":"http:\/\/hpha.org.ar\/?page_id=52"},"modified":"2026-02-23T12:24:53","modified_gmt":"2026-02-23T15:24:53","slug":"nuestro-equipo","status":"publish","type":"page","link":"https:\/\/hpha.org.ar\/en\/nuestro-equipo\/","title":{"rendered":"Our team"},"content":{"rendered":"<h3 class=\"section-default-title inside-content\"><strong>Board of Directors<\/strong><\/h3>\n<ul>\n<li>President: Jos\u00e9 Ignacio Giraudo<\/li>\n<li>Secretary: Carlos Hugo Rodr\u00edguez<\/li>\n<li>Treasurer: Mar\u00eda Constanza Ledesma<\/li>\n<li>Committee members: Marcela Guerra y Carlos Chaves<\/li>\n<li>Substitute member: Silvia Leguizamon y Dar\u00edo Iacovello<\/li>\n<\/ul>\n<p><strong>Supervisory Body<\/strong>:<\/p>\n<ul>\n<li style=\"font-weight: 400;\" aria-level=\"1\"><span style=\"font-weight: 400;\">Auditor: Mar\u00eda Cecilia Mariluz<\/span><\/li>\n<li style=\"font-weight: 400;\" aria-level=\"1\"><span style=\"font-weight: 400;\">Substitute auditor: Pablo Feresini<\/span><\/li>\n<\/ul>\n<p><strong>Advisors:<\/strong><\/p>\n<ul>\n<li>Taira Pe\u00f1a, Alejandro Madero, F\u00e9lix Cirio<\/li>\n<\/ul>\n<h3 class=\"section-default-title inside-content\"><span style=\"font-weight: 400;\">National Office &#8211; Team<\/span><\/h3>\n<ul>\n<li><span style=\"font-weight: 400;\">Executive Director: Ana Cutts<\/span><\/li>\n<li><span style=\"font-weight: 400;\">Deputy Director of\u00a0 Operations: Juan Pablo Tufaro<\/span><\/li>\n<li><span style=\"font-weight: 400;\">Deputy Director of IR: Paula Celestino Ayala<\/span><\/li>\n<li><span style=\"font-weight: 400;\">Administration Coordinator: Ver\u00f3nica Law Makita<\/span><\/li>\n<li><span style=\"font-weight: 400;\">Finance Coordinator: Maximiliano Pereyra<\/span><\/li>\n<\/ul>\n<h3 class=\"section-default-title inside-content\"><span style=\"font-weight: 400;\">Members of Honor<\/span><\/h3>\n<p><span style=\"font-weight: 400;\">People recognized especially for having collaborated significantly with the organization since its foundation, as well as the support provided to overcome challenges and continue to grow to reach more families in need of adequate housing.<\/span><\/p>\n<ul>\n<li>Adriana Berra<\/li>\n<li>Alberto Gurevich<\/li>\n<li>An\u00edbal Rodr\u00edguez Melgarejo<\/li>\n<li>Barbara Dunn<\/li>\n<li>Cecilia Mairal<\/li>\n<li>Claudio Porcel<\/li>\n<li>Daniel Mintzer<\/li>\n<li>Eduardo Bosio<\/li>\n<li>Eduardo Sposito<\/li>\n<li>F\u00e9lix Cirio<\/li>\n<li>Gabriel Werthein<\/li>\n<li>Graciela Adan<\/li>\n<li>Isabel Pita<\/li>\n<li>Katharine y Tim Dougherty<\/li>\n<li>Laura Pellizzati<\/li>\n<li>Leonardo Hern\u00e1ndez<\/li>\n<li>Mar\u00eda Constanza Ledesma<\/li>\n<li>Oscar Mazza<\/li>\n<li>Steve Crowell<\/li>\n<li>Steve McMinn<\/li>\n<li>Yanina Faour<\/li>\n<\/ul>","protected":false},"excerpt":{"rendered":"<p>President: Jos\u00e9 Ignacio Giraudo Secretary: Carlos Hugo Rodr\u00edguez Treasurer: Mar\u00eda Constanza Ledesma Committee members: Marcela Guerra y Carlos Chaves Substitute member: Silvia Leguizamon y Dar\u00edo Iacovello Supervisory Body: Auditor: Mar\u00eda Cecilia Mariluz Substitute auditor: Pablo Feresini Advisors: Taira Pe\u00f1a, Alejandro Madero, F\u00e9lix Cirio Executive Director: Ana Cutts Deputy Director of\u00a0 Operations: Juan Pablo Tufaro Deputy<\/p>\n<div class=\"post-actions\"><a class=\"button small\" href=\"https:\/\/hpha.org.ar\/en\/nuestro-equipo\/\">Leer M\u00e1s<\/a><\/div>\n","protected":false},"author":7,"featured_media":4864,"parent":0,"menu_order":0,"comment_status":"closed","ping_status":"closed","template":"","meta":{"_acf_changed":false,"om_disable_all_campaigns":false,"_monsterinsights_skip_tracking":false,"_monsterinsights_sitenote_active":false,"_monsterinsights_sitenote_note":"","_monsterinsights_sitenote_category":0,"_uf_show_specific_survey":0,"_uf_disable_surveys":false,"footnotes":""},"class_list":["post-52","page","type-page","status-publish","has-post-thumbnail","hentry"],"acf":[],"aioseo_notices":[],"rttpg_featured_image_url":{"full":["https:\/\/hpha.org.ar\/wp-content\/uploads\/2024\/08\/2024-03-06-Reunion-estacional-de-equipo-112-2.jpg",4673,1793,false],"landscape":["https:\/\/hpha.org.ar\/wp-content\/uploads\/2024\/08\/2024-03-06-Reunion-estacional-de-equipo-112-2.jpg",4673,1793,false],"portraits":["https:\/\/hpha.org.ar\/wp-content\/uploads\/2024\/08\/2024-03-06-Reunion-estacional-de-equipo-112-2.jpg",4673,1793,false],"thumbnail":["https:\/\/hpha.org.ar\/wp-content\/uploads\/2024\/08\/2024-03-06-Reunion-estacional-de-equipo-112-2.jpg",150,58,false],"medium":["https:\/\/hpha.org.ar\/wp-content\/uploads\/2024\/08\/2024-03-06-Reunion-estacional-de-equipo-112-2.jpg",300,115,false],"large":["https:\/\/hpha.org.ar\/wp-content\/uploads\/2024\/08\/2024-03-06-Reunion-estacional-de-equipo-112-2.jpg",860,330,false],"1536x1536":["https:\/\/hpha.org.ar\/wp-content\/uploads\/2024\/08\/2024-03-06-Reunion-estacional-de-equipo-112-2.jpg",1536,589,false],"2048x2048":["https:\/\/hpha.org.ar\/wp-content\/uploads\/2024\/08\/2024-03-06-Reunion-estacional-de-equipo-112-2.jpg",2048,786,false],"small-header":["https:\/\/hpha.org.ar\/wp-content\/uploads\/2024\/08\/2024-03-06-Reunion-estacional-de-equipo-112-2.jpg",573,220,false],"small-event":["https:\/\/hpha.org.ar\/wp-content\/uploads\/2024\/08\/2024-03-06-Reunion-estacional-de-equipo-112-2.jpg",100,38,false],"medium-event":["https:\/\/hpha.org.ar\/wp-content\/uploads\/2024\/08\/2024-03-06-Reunion-estacional-de-equipo-112-2.jpg",270,104,false],"large-event":["https:\/\/hpha.org.ar\/wp-content\/uploads\/2024\/08\/2024-03-06-Reunion-estacional-de-equipo-112-2.jpg",770,295,false],"large-event-2":["https:\/\/hpha.org.ar\/wp-content\/uploads\/2024\/08\/2024-03-06-Reunion-estacional-de-equipo-112-2.jpg",540,207,false],"document-thumb":["https:\/\/hpha.org.ar\/wp-content\/uploads\/2024\/08\/2024-03-06-Reunion-estacional-de-equipo-112-2.jpg",400,153,false],"gallery-full":["https:\/\/hpha.org.ar\/wp-content\/uploads\/2024\/08\/2024-03-06-Reunion-estacional-de-equipo-112-2.jpg",1660,637,false],"gallery-thumb":["https:\/\/hpha.org.ar\/wp-content\/uploads\/2024\/08\/2024-03-06-Reunion-estacional-de-equipo-112-2.jpg",540,207,false],"cause-medium":["https:\/\/hpha.org.ar\/wp-content\/uploads\/2024\/08\/2024-03-06-Reunion-estacional-de-equipo-112-2.jpg",900,345,false],"staff-home":["https:\/\/hpha.org.ar\/wp-content\/uploads\/2024\/08\/2024-03-06-Reunion-estacional-de-equipo-112-2.jpg",292,112,false]},"rttpg_author":{"display_name":"Paula","author_link":"https:\/\/hpha.org.ar\/en\/author\/habitatonar\/"},"rttpg_comment":0,"rttpg_category":null,"rttpg_excerpt":"President: Jos\u00e9 Ignacio Giraudo Secretary: Carlos Hugo Rodr\u00edguez Treasurer: Mar\u00eda Constanza Ledesma Committee members: Marcela Guerra y Carlos Chaves Substitute member: Silvia Leguizamon y Dar\u00edo Iacovello Supervisory Body: Auditor: Mar\u00eda Cecilia Mariluz Substitute auditor: Pablo Feresini Advisors: Taira Pe\u00f1a, Alejandro Madero, F\u00e9lix Cirio Executive Director: Ana Cutts Deputy Director of\u00a0 Operations: Juan Pablo Tufaro DeputyLeer&hellip;","_links":{"self":[{"href":"https:\/\/hpha.org.ar\/en\/wp-json\/wp\/v2\/pages\/52","targetHints":{"allow":["GET"]}}],"collection":[{"href":"https:\/\/hpha.org.ar\/en\/wp-json\/wp\/v2\/pages"}],"about":[{"href":"https:\/\/hpha.org.ar\/en\/wp-json\/wp\/v2\/types\/page"}],"author":[{"embeddable":true,"href":"https:\/\/hpha.org.ar\/en\/wp-json\/wp\/v2\/users\/7"}],"replies":[{"embeddable":true,"href":"https:\/\/hpha.org.ar\/en\/wp-json\/wp\/v2\/comments?post=52"}],"version-history":[{"count":63,"href":"https:\/\/hpha.org.ar\/en\/wp-json\/wp\/v2\/pages\/52\/revisions"}],"predecessor-version":[{"id":5175,"href":"https:\/\/hpha.org.ar\/en\/wp-json\/wp\/v2\/pages\/52\/revisions\/5175"}],"wp:featuredmedia":[{"embeddable":true,"href":"https:\/\/hpha.org.ar\/en\/wp-json\/wp\/v2\/media\/4864"}],"wp:attachment":[{"href":"https:\/\/hpha.org.ar\/en\/wp-json\/wp\/v2\/media?parent=52"}],"curies":[{"name":"wp","href":"https:\/\/api.w.org\/{rel}","templated":true}]}}