{"id":4767,"date":"2023-11-13T18:26:05","date_gmt":"2023-11-13T18:26:05","guid":{"rendered":"https:\/\/hpha.org.ar\/?page_id=4767"},"modified":"2024-08-15T12:35:56","modified_gmt":"2024-08-15T15:35:56","slug":"politica-de-salvaguarda","status":"publish","type":"page","link":"https:\/\/hpha.org.ar\/en\/politica-de-salvaguarda\/","title":{"rendered":"(Espa\u00f1ol) Pol\u00edtica de \u00c9tica y Salvaguarda"},"content":{"rendered":"<p class=\"qtranxs-available-languages-message qtranxs-available-languages-message-en\">Sorry, this entry is only available in <a href=\"https:\/\/hpha.org.ar\/es\/wp-json\/wp\/v2\/pages\/4767\" class=\"qtranxs-available-language-link qtranxs-available-language-link-es\" title=\"Espa\u00f1ol\">Espa\u00f1ol<\/a>.<\/p>","protected":false},"excerpt":{"rendered":"<p>Sorry, this entry is only available in Espa\u00f1ol.<\/p>\n","protected":false},"author":7,"featured_media":4768,"parent":0,"menu_order":0,"comment_status":"closed","ping_status":"closed","template":"","meta":{"_acf_changed":false,"om_disable_all_campaigns":false,"_monsterinsights_skip_tracking":false,"_monsterinsights_sitenote_active":false,"_monsterinsights_sitenote_note":"","_monsterinsights_sitenote_category":0,"_uf_show_specific_survey":0,"_uf_disable_surveys":false,"footnotes":""},"class_list":["post-4767","page","type-page","status-publish","has-post-thumbnail","hentry"],"acf":[],"aioseo_notices":[],"rttpg_featured_image_url":{"full":["https:\/\/hpha.org.ar\/wp-content\/uploads\/2023\/11\/situaciones-situations-02.png",8001,4501,false],"landscape":["https:\/\/hpha.org.ar\/wp-content\/uploads\/2023\/11\/situaciones-situations-02.png",8001,4501,false],"portraits":["https:\/\/hpha.org.ar\/wp-content\/uploads\/2023\/11\/situaciones-situations-02.png",8001,4501,false],"thumbnail":["https:\/\/hpha.org.ar\/wp-content\/uploads\/2023\/11\/situaciones-situations-02-150x150.png",150,150,true],"medium":["https:\/\/hpha.org.ar\/wp-content\/uploads\/2023\/11\/situaciones-situations-02-300x169.png",300,169,true],"large":["https:\/\/hpha.org.ar\/wp-content\/uploads\/2023\/11\/situaciones-situations-02-1024x576.png",860,484,true],"1536x1536":["https:\/\/hpha.org.ar\/wp-content\/uploads\/2023\/11\/situaciones-situations-02-1536x864.png",1536,864,true],"2048x2048":["https:\/\/hpha.org.ar\/wp-content\/uploads\/2023\/11\/situaciones-situations-02-2048x1152.png",2048,1152,true],"small-header":["https:\/\/hpha.org.ar\/wp-content\/uploads\/2023\/11\/situaciones-situations-02-1800x220.png",1800,220,true],"small-event":["https:\/\/hpha.org.ar\/wp-content\/uploads\/2023\/11\/situaciones-situations-02-100x85.png",100,85,true],"medium-event":["https:\/\/hpha.org.ar\/wp-content\/uploads\/2023\/11\/situaciones-situations-02-270x150.png",270,150,true],"large-event":["https:\/\/hpha.org.ar\/wp-content\/uploads\/2023\/11\/situaciones-situations-02-770x330.png",770,330,true],"large-event-2":["https:\/\/hpha.org.ar\/wp-content\/uploads\/2023\/11\/situaciones-situations-02-540x440.png",540,440,true],"document-thumb":["https:\/\/hpha.org.ar\/wp-content\/uploads\/2023\/11\/situaciones-situations-02-400x225.png",400,225,true],"gallery-full":["https:\/\/hpha.org.ar\/wp-content\/uploads\/2023\/11\/situaciones-situations-02-1660x880.png",1660,880,true],"gallery-thumb":["https:\/\/hpha.org.ar\/wp-content\/uploads\/2023\/11\/situaciones-situations-02-540x330.png",540,330,true],"cause-medium":["https:\/\/hpha.org.ar\/wp-content\/uploads\/2023\/11\/situaciones-situations-02-900x525.png",900,525,true],"staff-home":["https:\/\/hpha.org.ar\/wp-content\/uploads\/2023\/11\/situaciones-situations-02-292x248.png",292,248,true]},"rttpg_author":{"display_name":"Paula","author_link":"https:\/\/hpha.org.ar\/en\/author\/habitatonar\/"},"rttpg_comment":0,"rttpg_category":null,"rttpg_excerpt":"Sorry, this entry is only available in Espa\u00f1ol.","_links":{"self":[{"href":"https:\/\/hpha.org.ar\/en\/wp-json\/wp\/v2\/pages\/4767","targetHints":{"allow":["GET"]}}],"collection":[{"href":"https:\/\/hpha.org.ar\/en\/wp-json\/wp\/v2\/pages"}],"about":[{"href":"https:\/\/hpha.org.ar\/en\/wp-json\/wp\/v2\/types\/page"}],"author":[{"embeddable":true,"href":"https:\/\/hpha.org.ar\/en\/wp-json\/wp\/v2\/users\/7"}],"replies":[{"embeddable":true,"href":"https:\/\/hpha.org.ar\/en\/wp-json\/wp\/v2\/comments?post=4767"}],"version-history":[{"count":2,"href":"https:\/\/hpha.org.ar\/en\/wp-json\/wp\/v2\/pages\/4767\/revisions"}],"predecessor-version":[{"id":4859,"href":"https:\/\/hpha.org.ar\/en\/wp-json\/wp\/v2\/pages\/4767\/revisions\/4859"}],"wp:featuredmedia":[{"embeddable":true,"href":"https:\/\/hpha.org.ar\/en\/wp-json\/wp\/v2\/media\/4768"}],"wp:attachment":[{"href":"https:\/\/hpha.org.ar\/en\/wp-json\/wp\/v2\/media?parent=4767"}],"curies":[{"name":"wp","href":"https:\/\/api.w.org\/{rel}","templated":true}]}}