{"id":3933,"date":"2021-05-14T12:40:00","date_gmt":"2021-05-14T12:40:00","guid":{"rendered":"http:\/\/hpha.org.ar\/?page_id=3933"},"modified":"2021-05-14T12:41:05","modified_gmt":"2021-05-14T12:41:05","slug":"boletin-2","status":"publish","type":"page","link":"https:\/\/hpha.org.ar\/en\/boletin-2\/","title":{"rendered":"Boletines"},"content":{"rendered":"<style type='text\/css' media='all'>#rt-tpg-container-2142943994 .rt-holder .rt-woo-info .price{color:#0367bf;}body .rt-tpg-container .rt-tpg-isotope-buttons .selected,\n\t\t\t\t\t#rt-tpg-container-2142943994 .layout12 .rt-holder:hover .rt-detail,\n\t\t\t\t\t#rt-tpg-container-2142943994 .isotope8 .rt-holder:hover .rt-detail,\n\t\t\t\t\t#rt-tpg-container-2142943994 .carousel8 .rt-holder:hover .rt-detail,\n\t\t\t\t\t#rt-tpg-container-2142943994 .layout13 .rt-holder .overlay .post-info,\n\t\t\t\t\t#rt-tpg-container-2142943994 .isotope9 .rt-holder .overlay .post-info,\n\t\t\t\t\t#rt-tpg-container-2142943994.rt-tpg-container .layout4 .rt-holder .rt-detail,\n\t\t\t\t\t.rt-modal-2142943994 .md-content,\n\t\t\t\t\t.rt-modal-2142943994 .md-content > .rt-md-content-holder .rt-md-content,\n\t\t\t\t\t.rt-popup-wrap-2142943994.rt-popup-wrap .rt-popup-navigation-wrap,\n\t\t\t\t\t#rt-tpg-container-2142943994 .carousel9 .rt-holder .overlay .post-info{background-color:#0367bf;}#rt-tpg-container-2142943994 .layout5 .rt-holder .overlay, #rt-tpg-container-2142943994 .isotope2 .rt-holder .overlay, #rt-tpg-container-2142943994 .carousel2 .rt-holder .overlay,#rt-tpg-container-2142943994 .layout15 .rt-holder h3, #rt-tpg-container-2142943994 .isotope11 .rt-holder h3, #rt-tpg-container-2142943994 .carousel11 .rt-holder h3, #rt-tpg-container-2142943994 .layout16 .rt-holder h3,\n\t\t\t\t\t#rt-tpg-container-2142943994 .isotope12 .rt-holder h3, #rt-tpg-container-2142943994 .carousel12 .rt-holder h3 {background-color:rgba(3,103,191,0.8);}#rt-tpg-container-2142943994 .read-more a{border-radius:px;}#rt-tpg-container-2142943994 .rt-img-holder img.rt-img-responsive,#rt-tpg-container-2142943994 .rt-img-holder,\n\t\t\t\t\t#rt-tpg-container-2142943994 .rt-post-overlay .post-img,\n\t\t\t\t\t#rt-tpg-container-2142943994 .post-sm .post-img,\n\t\t\t\t\t#rt-tpg-container-2142943994 .rt-post-grid .post-img,\n\t\t\t\t\t#rt-tpg-container-2142943994 .post-img img {border-radius:px;}<\/style><div class='rt-container-fluid rt-tpg-container tpg-shortcode-main-wrapper ' id='rt-tpg-container-2142943994'   data-layout='layout1' data-grid-style='even' data-desktop-col='3'  data-tab-col='2'  data-mobile-col='1' data-sc-id='3787'><div data-title='Loading ...' class='rt-row rt-content-loader   layout1 tpg-even '><div class=\"rt-col-md-4 rt-col-sm-6 rt-col-xs-12 even-grid-item rt-grid-item\" data-id=\"4177\"><div class=\"rt-holder\"><div class=\"rt-img-holder\"><a data-id=\"4177\" class=\"\" href=\"https:\/\/hpha.org.ar\/en\/el-acceso-al-alquiler-es-acceso-a-la-vivienda\/\"><img loading=\"lazy\" decoding=\"async\" width=\"498\" height=\"330\" src=\"https:\/\/hpha.org.ar\/wp-content\/uploads\/2021\/12\/2021-11-05-Hernandarias-97.jpg\" class=\"rt-img-responsive \" alt=\"\" \/><\/a><\/div><div class='rt-detail'><h2 class=\"entry-title\"><a data-id=\"4177\" class=\"\" href=\"https:\/\/hpha.org.ar\/en\/el-acceso-al-alquiler-es-acceso-a-la-vivienda\/\">(Espa\u00f1ol) El acceso al alquiler es acceso a la vivienda<\/a><\/h2><div class='tpg-excerpt'>Sorry, this entry is only available in Espa\u00f1ol...<\/div><\/div><\/div><\/div><div class=\"rt-col-md-4 rt-col-sm-6 rt-col-xs-12 even-grid-item rt-grid-item\" data-id=\"3945\"><div class=\"rt-holder\"><div class=\"rt-img-holder\"><a data-id=\"3945\" class=\"\" href=\"https:\/\/hpha.org.ar\/en\/celebramos-2-000-soluciones-habitacionales\/\"><img loading=\"lazy\" decoding=\"async\" width=\"540\" height=\"224\" src=\"https:\/\/hpha.org.ar\/wp-content\/uploads\/2021\/07\/2000-1.png\" class=\"rt-img-responsive \" alt=\"\" \/><\/a><\/div><div class='rt-detail'><h2 class=\"entry-title\"><a data-id=\"3945\" class=\"\" href=\"https:\/\/hpha.org.ar\/en\/celebramos-2-000-soluciones-habitacionales\/\">Celebramos  2.000 Soluciones habitacionales<\/a><\/h2><div class='tpg-excerpt'>Haber alcanzado este hito representa\u00a0una gran celebraci\u00f3n para nuestra organizaci\u00f3n. Se lo dedicamos especialmente a esas 2.000 familias que confiaron...<\/div><\/div><\/div><\/div><div class=\"rt-col-md-4 rt-col-sm-6 rt-col-xs-12 even-grid-item rt-grid-item\" data-id=\"3744\"><div class=\"rt-holder\"><div class=\"rt-img-holder\"><a data-id=\"3744\" class=\"\" href=\"https:\/\/hpha.org.ar\/en\/mejoras-en-las-viviendas-saneamiento-y-reduccion-del-riesgo-electrico\/\"><img loading=\"lazy\" decoding=\"async\" width=\"523\" height=\"330\" src=\"https:\/\/hpha.org.ar\/wp-content\/uploads\/2021\/04\/Boletin2.jpg\" class=\"rt-img-responsive \" alt=\"\" \/><\/a><\/div><div class='rt-detail'><h2 class=\"entry-title\"><a data-id=\"3744\" class=\"\" href=\"https:\/\/hpha.org.ar\/en\/mejoras-en-las-viviendas-saneamiento-y-reduccion-del-riesgo-electrico\/\">Mejoras en las viviendas: Saneamiento y reducci\u00f3n del riesgo el\u00e9ctrico<\/a><\/h2><div class='tpg-excerpt'>Gracias a un financiamiento otorgado por Fundaci\u00f3n Selavip estamos concretando el mejoramiento de las instalaciones sanitarias de 350 familias del...<\/div><\/div><\/div><\/div><div class=\"rt-col-md-4 rt-col-sm-6 rt-col-xs-12 even-grid-item rt-grid-item\" data-id=\"3677\"><div class=\"rt-holder\"><div class=\"rt-img-holder\"><a data-id=\"3677\" class=\"\" href=\"https:\/\/hpha.org.ar\/en\/articulacion-viviendas-seguras\/\"><img loading=\"lazy\" decoding=\"async\" width=\"540\" height=\"247\" src=\"https:\/\/hpha.org.ar\/wp-content\/uploads\/2021\/02\/Talleres_2020_FundHolcim-1.jpeg\" class=\"rt-img-responsive \" alt=\"\" \/><\/a><\/div><div class='rt-detail'><h2 class=\"entry-title\"><a data-id=\"3677\" class=\"\" href=\"https:\/\/hpha.org.ar\/en\/articulacion-viviendas-seguras\/\">(Espa\u00f1ol) + Articulaci\u00f3n + Viviendas seguras<\/a><\/h2><div class='tpg-excerpt'>Sorry, this entry is only available in Espa\u00f1ol...<\/div><\/div><\/div><\/div><div class=\"rt-col-md-4 rt-col-sm-6 rt-col-xs-12 even-grid-item rt-grid-item\" data-id=\"3507\"><div class=\"rt-holder\"><div class=\"rt-img-holder\"><a data-id=\"3507\" class=\"\" href=\"https:\/\/hpha.org.ar\/en\/voluntariado-corporativo-otras-formas-para-el-encuentro\/\"><img loading=\"lazy\" decoding=\"async\" width=\"540\" height=\"330\" src=\"https:\/\/hpha.org.ar\/wp-content\/uploads\/2016\/07\/voluntariado_top-540x330.jpg\" class=\"rt-img-responsive \" alt=\"\" \/><\/a><\/div><div class='rt-detail'><h2 class=\"entry-title\"><a data-id=\"3507\" class=\"\" href=\"https:\/\/hpha.org.ar\/en\/voluntariado-corporativo-otras-formas-para-el-encuentro\/\">Voluntariado corporativo: otras formas para el encuentro<\/a><\/h2><div class='tpg-excerpt'>Solemos decir que \u201cel voluntariado son las manos y el coraz\u00f3n de H\u00e1bitat para la Humanidad\u201d. Este hecho represent\u00f3 una de nuestras principales...<\/div><\/div><\/div><\/div><div class=\"rt-col-md-4 rt-col-sm-6 rt-col-xs-12 even-grid-item rt-grid-item\" data-id=\"3497\"><div class=\"rt-holder\"><div class=\"rt-img-holder\"><a data-id=\"3497\" class=\"\" href=\"https:\/\/hpha.org.ar\/en\/el-alquiler-social-un-camino-de-oportunidad-para-dar-respuesta-a-tantas-familias-que-esperan\/\"><img loading=\"lazy\" decoding=\"async\" width=\"440\" height=\"330\" src=\"https:\/\/hpha.org.ar\/wp-content\/uploads\/2019\/12\/Familia_EsteladeEsperanzas.jpeg\" class=\"rt-img-responsive \" alt=\"\" \/><\/a><\/div><div class='rt-detail'><h2 class=\"entry-title\"><a data-id=\"3497\" class=\"\" href=\"https:\/\/hpha.org.ar\/en\/el-alquiler-social-un-camino-de-oportunidad-para-dar-respuesta-a-tantas-familias-que-esperan\/\">El Alquiler Social: un camino de oportunidad para dar respuesta a tantas familias que esperan<\/a><\/h2><div class='tpg-excerpt'>La recientemente promulgada Ley de Alquileres incorpora la figura del alquiler social e inicia un camino de oportunidad en este tema en nuestro pa\u00eds...<\/div><\/div><\/div><\/div><div class=\"rt-col-md-4 rt-col-sm-6 rt-col-xs-12 even-grid-item rt-grid-item\" data-id=\"3375\"><div class=\"rt-holder\"><div class=\"rt-img-holder\"><a data-id=\"3375\" class=\"\" href=\"https:\/\/hpha.org.ar\/en\/vivienda-educacion-y-cuarentena-donde-estamos-hoy\/\"><img loading=\"lazy\" decoding=\"async\" width=\"540\" height=\"190\" src=\"https:\/\/hpha.org.ar\/wp-content\/uploads\/2020\/06\/HEADER-talleres.png\" class=\"rt-img-responsive \" alt=\"\" \/><\/a><\/div><div class='rt-detail'><h2 class=\"entry-title\"><a data-id=\"3375\" class=\"\" href=\"https:\/\/hpha.org.ar\/en\/vivienda-educacion-y-cuarentena-donde-estamos-hoy\/\">Vivienda, educaci\u00f3n y cuarentena \u00bfd\u00f3nde estamos hoy?<\/a><\/h2><div class='tpg-excerpt'>Un mes atr\u00e1s comenz\u00e1bamos la implementaci\u00f3n del ciclo de capacitaciones\u00a0virtuales Salud y Vivienda, en el partido de La Matanza. A\u00a0trav\u00e9s de este...<\/div><\/div><\/div><\/div><div class=\"rt-col-md-4 rt-col-sm-6 rt-col-xs-12 even-grid-item rt-grid-item\" data-id=\"3233\"><div class=\"rt-holder\"><div class=\"rt-img-holder\"><a data-id=\"3233\" class=\"\" href=\"https:\/\/hpha.org.ar\/en\/whatsapp-health-workshops-during-the-pandemic\/\"><img loading=\"lazy\" decoding=\"async\" width=\"495\" height=\"330\" src=\"https:\/\/hpha.org.ar\/wp-content\/uploads\/2017\/07\/Dora.jpg\" class=\"rt-img-responsive \" alt=\"\" \/><\/a><\/div><div class='rt-detail'><h2 class=\"entry-title\"><a data-id=\"3233\" class=\"\" href=\"https:\/\/hpha.org.ar\/en\/whatsapp-health-workshops-during-the-pandemic\/\">Whatsapp Health Workshops during the pandemic<\/a><\/h2><div class='tpg-excerpt'>The current pandemic has once again spotlighted the importance of having an adequate\u00a0home to preserve our health and lives. &nbsp; Faced with our new...<\/div><\/div><\/div><\/div><div class=\"rt-col-md-4 rt-col-sm-6 rt-col-xs-12 even-grid-item rt-grid-item\" data-id=\"3151\"><div class=\"rt-holder\"><div class=\"rt-img-holder\"><a data-id=\"3151\" class=\"\" href=\"https:\/\/hpha.org.ar\/en\/educating-at-home-with-a-gender-perspective\/\"><img loading=\"lazy\" decoding=\"async\" width=\"540\" height=\"190\" src=\"https:\/\/hpha.org.ar\/wp-content\/uploads\/2020\/05\/HEADER-gender2.jpg\" class=\"rt-img-responsive \" alt=\"\" \/><\/a><\/div><div class='rt-detail'><h2 class=\"entry-title\"><a data-id=\"3151\" class=\"\" href=\"https:\/\/hpha.org.ar\/en\/educating-at-home-with-a-gender-perspective\/\">Educating at Home with a Gender Perspective<\/a><\/h2><div class='tpg-excerpt'>As April is coming to an end, we are going through a very special moment both for\u00a0Argentina and the world. There arrived a pandemic that faces us with...<\/div><\/div><\/div><\/div><div class=\"rt-col-md-4 rt-col-sm-6 rt-col-xs-12 even-grid-item rt-grid-item\" data-id=\"3148\"><div class=\"rt-holder\"><div class=\"rt-img-holder\"><a data-id=\"3148\" class=\"\" href=\"https:\/\/hpha.org.ar\/en\/renting-as-a-woman-and-head-of-the-household\/\"><img loading=\"lazy\" decoding=\"async\" width=\"540\" height=\"190\" src=\"https:\/\/hpha.org.ar\/wp-content\/uploads\/2020\/05\/HEADER-gender2.jpg\" class=\"rt-img-responsive \" alt=\"\" \/><\/a><\/div><div class='rt-detail'><h2 class=\"entry-title\"><a data-id=\"3148\" class=\"\" href=\"https:\/\/hpha.org.ar\/en\/renting-as-a-woman-and-head-of-the-household\/\">Renting as a Woman and Head of the Household<\/a><\/h2><div class='tpg-excerpt'>Today, six of the nine families renting in our Estela de Esperanzas* building (La Boca, Buenos\u00a0Aires), rely on a woman that is both mother and head of...<\/div><\/div><\/div><\/div><div class=\"rt-col-md-4 rt-col-sm-6 rt-col-xs-12 even-grid-item rt-grid-item\" data-id=\"3145\"><div class=\"rt-holder\"><div class=\"rt-img-holder\"><a data-id=\"3145\" class=\"\" href=\"https:\/\/hpha.org.ar\/en\/eduquemos-en-nuestros-hogares-con-perspectiva-de-genero\/\"><img loading=\"lazy\" decoding=\"async\" width=\"540\" height=\"270\" src=\"https:\/\/hpha.org.ar\/wp-content\/uploads\/2020\/05\/Graciela_Adan.jpg\" class=\"rt-img-responsive \" alt=\"\" \/><\/a><\/div><div class='rt-detail'><h2 class=\"entry-title\"><a data-id=\"3145\" class=\"\" href=\"https:\/\/hpha.org.ar\/en\/eduquemos-en-nuestros-hogares-con-perspectiva-de-genero\/\">(Espa\u00f1ol) Eduquemos en nuestros hogares con perspectiva de g\u00e9nero<\/a><\/h2><div class='tpg-excerpt'>Sorry, this entry is only available in Espa\u00f1ol...<\/div><\/div><\/div><\/div><div class=\"rt-col-md-4 rt-col-sm-6 rt-col-xs-12 even-grid-item rt-grid-item\" data-id=\"3133\"><div class=\"rt-holder\"><div class=\"rt-img-holder\"><a data-id=\"3133\" class=\"\" href=\"https:\/\/hpha.org.ar\/en\/alquilar-siendo-mujer-y-jefa-de-hogar\/\"><img loading=\"lazy\" decoding=\"async\" width=\"440\" height=\"330\" src=\"https:\/\/hpha.org.ar\/wp-content\/uploads\/2020\/05\/DSCN0499.jpg\" class=\"rt-img-responsive \" alt=\"\" \/><\/a><\/div><div class='rt-detail'><h2 class=\"entry-title\"><a data-id=\"3133\" class=\"\" href=\"https:\/\/hpha.org.ar\/en\/alquilar-siendo-mujer-y-jefa-de-hogar\/\">(Espa\u00f1ol) Alquilar siendo mujer y jefa de hogar<\/a><\/h2><div class='tpg-excerpt'>Sorry, this entry is only available in Espa\u00f1ol...<\/div><\/div><\/div><\/div><\/div><div class='rt-pagination-wrap' data-total-pages='5' data-posts-per-page='12' data-type='pagination'  ><div class=\"rt-pagination\" ><ul class=\"pagination-list\"><li class=\"active\"><span>1<\/span><\/li><li><a data-paged='2' href='https:\/\/hpha.org.ar\/en\/wp-json\/wp\/v2\/pages\/3933\/page\/2\/'>2<\/a><\/li><li><a data-paged='3' href='https:\/\/hpha.org.ar\/en\/wp-json\/wp\/v2\/pages\/3933\/page\/3\/'>3<\/a><\/li><li><a data-paged='4' href='https:\/\/hpha.org.ar\/en\/wp-json\/wp\/v2\/pages\/3933\/page\/4\/'>4<\/a><\/li><li><a data-paged='5' href='https:\/\/hpha.org.ar\/en\/wp-json\/wp\/v2\/pages\/3933\/page\/5\/'>5<\/a><\/li><\/ul><\/div><\/div><\/div>\n","protected":false},"excerpt":{"rendered":"","protected":false},"author":10,"featured_media":3362,"parent":0,"menu_order":0,"comment_status":"closed","ping_status":"closed","template":"","meta":{"_acf_changed":false,"om_disable_all_campaigns":false,"_monsterinsights_skip_tracking":false,"_monsterinsights_sitenote_active":false,"_monsterinsights_sitenote_note":"","_monsterinsights_sitenote_category":0,"_uf_show_specific_survey":0,"_uf_disable_surveys":false,"footnotes":""},"class_list":["post-3933","page","type-page","status-publish","has-post-thumbnail","hentry"],"acf":[],"aioseo_notices":[],"rttpg_featured_image_url":{"full":["https:\/\/hpha.org.ar\/wp-content\/uploads\/2016\/07\/Equipo-1.jpg",960,720,false],"landscape":["https:\/\/hpha.org.ar\/wp-content\/uploads\/2016\/07\/Equipo-1.jpg",960,720,false],"portraits":["https:\/\/hpha.org.ar\/wp-content\/uploads\/2016\/07\/Equipo-1.jpg",960,720,false],"thumbnail":["https:\/\/hpha.org.ar\/wp-content\/uploads\/2016\/07\/Equipo-1.jpg",150,113,false],"medium":["https:\/\/hpha.org.ar\/wp-content\/uploads\/2016\/07\/Equipo-1.jpg",300,225,false],"large":["https:\/\/hpha.org.ar\/wp-content\/uploads\/2016\/07\/Equipo-1.jpg",860,645,false],"1536x1536":["https:\/\/hpha.org.ar\/wp-content\/uploads\/2016\/07\/Equipo-1.jpg",960,720,false],"2048x2048":["https:\/\/hpha.org.ar\/wp-content\/uploads\/2016\/07\/Equipo-1.jpg",960,720,false],"small-header":["https:\/\/hpha.org.ar\/wp-content\/uploads\/2016\/07\/Equipo-1.jpg",293,220,false],"small-event":["https:\/\/hpha.org.ar\/wp-content\/uploads\/2016\/07\/Equipo-1.jpg",100,75,false],"medium-event":["https:\/\/hpha.org.ar\/wp-content\/uploads\/2016\/07\/Equipo-1.jpg",200,150,false],"large-event":["https:\/\/hpha.org.ar\/wp-content\/uploads\/2016\/07\/Equipo-1.jpg",440,330,false],"large-event-2":["https:\/\/hpha.org.ar\/wp-content\/uploads\/2016\/07\/Equipo-1.jpg",540,405,false],"document-thumb":["https:\/\/hpha.org.ar\/wp-content\/uploads\/2016\/07\/Equipo-1.jpg",400,300,false],"gallery-full":["https:\/\/hpha.org.ar\/wp-content\/uploads\/2016\/07\/Equipo-1.jpg",960,720,false],"gallery-thumb":["https:\/\/hpha.org.ar\/wp-content\/uploads\/2016\/07\/Equipo-1.jpg",440,330,false],"cause-medium":["https:\/\/hpha.org.ar\/wp-content\/uploads\/2016\/07\/Equipo-1.jpg",700,525,false],"staff-home":["https:\/\/hpha.org.ar\/wp-content\/uploads\/2016\/07\/Equipo-1.jpg",292,219,false]},"rttpg_author":{"display_name":"Winston Quiros","author_link":"https:\/\/hpha.org.ar\/en\/author\/winston\/"},"rttpg_comment":0,"rttpg_category":"","rttpg_excerpt":null,"_links":{"self":[{"href":"https:\/\/hpha.org.ar\/en\/wp-json\/wp\/v2\/pages\/3933","targetHints":{"allow":["GET"]}}],"collection":[{"href":"https:\/\/hpha.org.ar\/en\/wp-json\/wp\/v2\/pages"}],"about":[{"href":"https:\/\/hpha.org.ar\/en\/wp-json\/wp\/v2\/types\/page"}],"author":[{"embeddable":true,"href":"https:\/\/hpha.org.ar\/en\/wp-json\/wp\/v2\/users\/10"}],"replies":[{"embeddable":true,"href":"https:\/\/hpha.org.ar\/en\/wp-json\/wp\/v2\/comments?post=3933"}],"version-history":[{"count":2,"href":"https:\/\/hpha.org.ar\/en\/wp-json\/wp\/v2\/pages\/3933\/revisions"}],"predecessor-version":[{"id":3936,"href":"https:\/\/hpha.org.ar\/en\/wp-json\/wp\/v2\/pages\/3933\/revisions\/3936"}],"wp:featuredmedia":[{"embeddable":true,"href":"https:\/\/hpha.org.ar\/en\/wp-json\/wp\/v2\/media\/3362"}],"wp:attachment":[{"href":"https:\/\/hpha.org.ar\/en\/wp-json\/wp\/v2\/media?parent=3933"}],"curies":[{"name":"wp","href":"https:\/\/api.w.org\/{rel}","templated":true}]}}