{"id":3901,"date":"2017-02-14T06:11:37","date_gmt":"2017-02-14T06:11:37","guid":{"rendered":"http:\/\/hpha.org.ar\/blog-2\/"},"modified":"2021-09-23T20:49:44","modified_gmt":"2021-09-23T20:49:44","slug":"sala-prensa","status":"publish","type":"page","link":"https:\/\/hpha.org.ar\/en\/sala-prensa\/","title":{"rendered":"Sala de prensa"},"content":{"rendered":"<em>Agradecemos a los periodistas y a los medios que nos ayudan a difundir la causa de la vivienda adecuada.<\/em><\/p>\n<p>&nbsp;<\/p>\n<p><strong><b>Algunas de nuestras apariciones recientes en prensa son:<\/b><\/strong><\/p>\n<p>&nbsp;<\/p>\n<ul>\n<li><strong>Planeta Futuro &#8211; El Pa\u00eds<\/strong><br \/>\nPor\u00a0<strong>Florencia Tuchin<\/strong><br \/>\nFecha: 11\/07\/2017<br \/>\n<em><strong>Problemas y soluciones a los alquileres precarios<\/strong><\/em><br \/>\n<strong><a href=\"https:\/\/elpais.com\/elpais\/2017\/07\/04\/planeta_futuro\/1499162594_949885.html\">Link a la nota<\/a><\/strong><\/li>\n<\/ul>\n<p>&nbsp;<\/p>\n<ul>\n<li><strong>Buenas Ideas Radio &#8211; Rosario<\/strong><br \/>\nFecha: 30\/06\/2017<br \/>\n<em><strong>Cuando la &#8220;fe en acci\u00f3n&#8221; construye viviendas<br \/>\n<\/strong><\/em><strong><a href=\"http:\/\/www.buenasideas.info\/cuando-la-fe-en-accion-construye-viviendas\/\">Escuchar la nota<\/a><\/strong><em><strong><br \/>\n<\/strong><\/em><\/li>\n<\/ul>\n<p>&nbsp;<\/p>\n<ul>\n<li><strong>CEDU News<br \/>\n<\/strong>Fecha: 26\/05\/2017<em><strong><br \/>\nLa vivienda social debe dignificar<br \/>\n<\/strong><\/em><strong><a href=\"http:\/\/www.cedu.com.ar\/cedu_new\/es\/noticias\/compromiso-ambiental\/2527-la-vivienda-social-debe-dignificar.html\">Link a la nota<\/a><\/strong><\/li>\n<\/ul>\n<p>&nbsp;<\/p>\n<ul>\n<li><strong>MDZ<br \/>\n<\/strong>Fecha: 21\/05\/2017<br \/>\n<em><strong>Advierten que hay 3,2 millones de argentinos con d\u00e9ficit habitacional<br \/>\n<\/strong><\/em><strong><a href=\"http:\/\/www.mdzol.com\/nota\/735034-advierten-que-hay-3-2-millones-de-argentinos-con-deficit-habitacional\/\">Link a la nota<\/a><\/strong><\/li>\n<\/ul>\n<p>&nbsp;<\/p>\n<ul>\n<li><strong>The Bobble<br \/>\n<\/strong>Fecha: 04\/05\/2017<br \/>\n<strong><em>Love And Loans In The Social Housing Crisis<\/em><\/strong><a href=\"http:\/\/www.thebubble.com\/love-and-loans-in-the-social-housing-crisis\/\"><br \/>\n<strong>Link a la nota<\/strong><\/a><\/li>\n<\/ul>\n<p>&nbsp;<\/p>\n<ul>\n<li><strong>PRS Presente<br \/>\n<\/strong>Fecha: 14\/01\/2017<br \/>\n<strong><em>Menci\u00f3n honor\u00edfica para H\u00e1bitat para la Humanidad Argentina<br \/>\n<\/em><a href=\"http:\/\/www.prs.com.ar\/habitat-para-la-humanidad-argentina-recibe-mencion-honorifica\/\">Link a la nota<\/a><\/strong><\/li>\n<\/ul>\n<p class=\"p2\"><img loading=\"lazy\" decoding=\"async\" class=\"wp-image-728 size-medium alignleft\" src=\"http:\/\/hpha.org.ar\/wp-content\/uploads\/2017\/02\/5_1Mencion-300x170.png\" alt=\"\" width=\"300\" height=\"170\" srcset=\"https:\/\/hpha.org.ar\/wp-content\/uploads\/2017\/02\/5_1Mencion-300x170.png 300w, https:\/\/hpha.org.ar\/wp-content\/uploads\/2017\/02\/5_1Mencion-768x435.png 768w, https:\/\/hpha.org.ar\/wp-content\/uploads\/2017\/02\/5_1Mencion-400x227.png 400w, https:\/\/hpha.org.ar\/wp-content\/uploads\/2017\/02\/5_1Mencion.png 844w\" sizes=\"auto, (max-width: 300px) 100vw, 300px\" \/><\/p>\n<p>&nbsp;<\/p>\n<p>&nbsp;<\/p>\n<p>&nbsp;<\/p>\n<p>&nbsp;<\/p>\n<p>&nbsp;<\/p>\n<p>&nbsp;<\/p>\n<p>&nbsp;<\/p>\n<p>&nbsp;<\/p>\n<p>&nbsp;<\/p>\n<ul>\n<li><strong>Planeta Futuro &#8211; El Pa\u00eds<\/strong><br \/>\nPor<strong> Florencia Tuchin<br \/>\n<\/strong>Fecha: 03\/01\/2017<br \/>\n<strong><em>Nuevas soluciones para viejos problemas en la Argentina m\u00e1s pobre<br \/>\n<\/em><a href=\"http:\/\/Nuevas soluciones para viejos problemas en la Argentina m\u00e1s pobre\">Link a la nota<\/a><\/strong><\/li>\n<\/ul>\n<p>&nbsp;<\/p>\n<h1 class=\"p1\"><span class=\"s1\"><b>2016<\/b><\/span><\/h1>\n<ul>\n<li><strong><strong>ComunicaRSE<br \/>\n<\/strong><\/strong>Fecha: 06\/10\/2016<strong><strong><br \/>\n<em>Inauguran vivienda construida en alianza entre IRSA y H\u00e1bitat para la Humanidad Argentina<\/em><\/strong><\/strong><a href=\"http:\/\/www.comunicarseweb.com.ar\/noticia\/inauguran-vivienda-construida-en-alianza-entre-irsa-y-habitat-para-la-humanidad-argentina?platform=hootsuite\"><span class=\"s1\"><b><br \/>\n<\/b><strong>Link a la nota<\/strong><\/span><\/a><\/li>\n<\/ul>\n<p>&nbsp;<\/p>\n<ul>\n<li class=\"p1\"><strong>Corresponsables<br \/>\n<\/strong>Fecha: 11\/10\/2016<br \/>\n<em><strong>H\u00e1bitat para la Humanidad e IRSA inauguran vivienda<\/strong><\/em><br \/>\n<a href=\"http:\/\/argentina.corresponsables.com\/actualidad\/habitat-para-la-humanidad-e-irsa-inauguran-vivienda\"><span class=\"s1\"><b>Link a la nota<\/b><\/span><\/a><\/li>\n<\/ul>\n<p>Contacto de Prensa: \u00a0<a href=\"mailto:comunicaciones@hpha.org.ar\">comunicaciones@hpha.org.ar<\/a>","protected":false},"excerpt":{"rendered":"<p>Agradecemos a los periodistas y a los medios que nos ayudan a difundir la causa de la vivienda adecuada. &nbsp; Algunas de nuestras apariciones recientes en prensa son: &nbsp; Planeta Futuro &#8211; El Pa\u00eds Por\u00a0Florencia Tuchin Fecha: 11\/07\/2017 Problemas y soluciones a los alquileres precarios Link a la nota &nbsp; Buenas Ideas Radio &#8211; Rosario<\/p>\n<div class=\"post-actions\"><a class=\"button small\" href=\"https:\/\/hpha.org.ar\/en\/sala-prensa\/\">Leer M\u00e1s<\/a><\/div>\n","protected":false},"author":7,"featured_media":4057,"parent":0,"menu_order":0,"comment_status":"closed","ping_status":"closed","template":"","meta":{"_acf_changed":false,"om_disable_all_campaigns":false,"_monsterinsights_skip_tracking":false,"_monsterinsights_sitenote_active":false,"_monsterinsights_sitenote_note":"","_monsterinsights_sitenote_category":0,"_uf_show_specific_survey":0,"_uf_disable_surveys":false,"footnotes":""},"class_list":["post-3901","page","type-page","status-publish","has-post-thumbnail","hentry"],"acf":[],"aioseo_notices":[],"rttpg_featured_image_url":{"full":["https:\/\/hpha.org.ar\/wp-content\/uploads\/2021\/09\/WhatsApp-Image-2021-09-04-at-1.47.17-PM.jpeg",1599,899,false],"landscape":["https:\/\/hpha.org.ar\/wp-content\/uploads\/2021\/09\/WhatsApp-Image-2021-09-04-at-1.47.17-PM.jpeg",1599,899,false],"portraits":["https:\/\/hpha.org.ar\/wp-content\/uploads\/2021\/09\/WhatsApp-Image-2021-09-04-at-1.47.17-PM.jpeg",1599,899,false],"thumbnail":["https:\/\/hpha.org.ar\/wp-content\/uploads\/2021\/09\/WhatsApp-Image-2021-09-04-at-1.47.17-PM.jpeg",150,84,false],"medium":["https:\/\/hpha.org.ar\/wp-content\/uploads\/2021\/09\/WhatsApp-Image-2021-09-04-at-1.47.17-PM.jpeg",300,169,false],"large":["https:\/\/hpha.org.ar\/wp-content\/uploads\/2021\/09\/WhatsApp-Image-2021-09-04-at-1.47.17-PM.jpeg",860,484,false],"1536x1536":["https:\/\/hpha.org.ar\/wp-content\/uploads\/2021\/09\/WhatsApp-Image-2021-09-04-at-1.47.17-PM.jpeg",1536,864,false],"2048x2048":["https:\/\/hpha.org.ar\/wp-content\/uploads\/2021\/09\/WhatsApp-Image-2021-09-04-at-1.47.17-PM.jpeg",1599,899,false],"small-header":["https:\/\/hpha.org.ar\/wp-content\/uploads\/2021\/09\/WhatsApp-Image-2021-09-04-at-1.47.17-PM.jpeg",391,220,false],"small-event":["https:\/\/hpha.org.ar\/wp-content\/uploads\/2021\/09\/WhatsApp-Image-2021-09-04-at-1.47.17-PM.jpeg",100,56,false],"medium-event":["https:\/\/hpha.org.ar\/wp-content\/uploads\/2021\/09\/WhatsApp-Image-2021-09-04-at-1.47.17-PM.jpeg",267,150,false],"large-event":["https:\/\/hpha.org.ar\/wp-content\/uploads\/2021\/09\/WhatsApp-Image-2021-09-04-at-1.47.17-PM.jpeg",587,330,false],"large-event-2":["https:\/\/hpha.org.ar\/wp-content\/uploads\/2021\/09\/WhatsApp-Image-2021-09-04-at-1.47.17-PM.jpeg",540,304,false],"document-thumb":["https:\/\/hpha.org.ar\/wp-content\/uploads\/2021\/09\/WhatsApp-Image-2021-09-04-at-1.47.17-PM.jpeg",400,225,false],"gallery-full":["https:\/\/hpha.org.ar\/wp-content\/uploads\/2021\/09\/WhatsApp-Image-2021-09-04-at-1.47.17-PM.jpeg",1565,880,false],"gallery-thumb":["https:\/\/hpha.org.ar\/wp-content\/uploads\/2021\/09\/WhatsApp-Image-2021-09-04-at-1.47.17-PM.jpeg",540,304,false],"cause-medium":["https:\/\/hpha.org.ar\/wp-content\/uploads\/2021\/09\/WhatsApp-Image-2021-09-04-at-1.47.17-PM.jpeg",900,506,false],"staff-home":["https:\/\/hpha.org.ar\/wp-content\/uploads\/2021\/09\/WhatsApp-Image-2021-09-04-at-1.47.17-PM.jpeg",292,164,false]},"rttpg_author":{"display_name":"Paula","author_link":"https:\/\/hpha.org.ar\/en\/author\/habitatonar\/"},"rttpg_comment":0,"rttpg_category":null,"rttpg_excerpt":"Agradecemos a los periodistas y a los medios que nos ayudan a difundir la causa de la vivienda adecuada. &nbsp; Algunas de nuestras apariciones recientes en prensa son: &nbsp; Planeta Futuro &#8211; El Pa\u00eds Por\u00a0Florencia Tuchin Fecha: 11\/07\/2017 Problemas y soluciones a los alquileres precarios Link a la nota &nbsp; Buenas Ideas Radio &#8211; RosarioLeer&hellip;","_links":{"self":[{"href":"https:\/\/hpha.org.ar\/en\/wp-json\/wp\/v2\/pages\/3901","targetHints":{"allow":["GET"]}}],"collection":[{"href":"https:\/\/hpha.org.ar\/en\/wp-json\/wp\/v2\/pages"}],"about":[{"href":"https:\/\/hpha.org.ar\/en\/wp-json\/wp\/v2\/types\/page"}],"author":[{"embeddable":true,"href":"https:\/\/hpha.org.ar\/en\/wp-json\/wp\/v2\/users\/7"}],"replies":[{"embeddable":true,"href":"https:\/\/hpha.org.ar\/en\/wp-json\/wp\/v2\/comments?post=3901"}],"version-history":[{"count":3,"href":"https:\/\/hpha.org.ar\/en\/wp-json\/wp\/v2\/pages\/3901\/revisions"}],"predecessor-version":[{"id":4058,"href":"https:\/\/hpha.org.ar\/en\/wp-json\/wp\/v2\/pages\/3901\/revisions\/4058"}],"wp:featuredmedia":[{"embeddable":true,"href":"https:\/\/hpha.org.ar\/en\/wp-json\/wp\/v2\/media\/4057"}],"wp:attachment":[{"href":"https:\/\/hpha.org.ar\/en\/wp-json\/wp\/v2\/media?parent=3901"}],"curies":[{"name":"wp","href":"https:\/\/api.w.org\/{rel}","templated":true}]}}