{"id":1858,"date":"2018-06-25T22:34:57","date_gmt":"2018-06-25T22:34:57","guid":{"rendered":"http:\/\/hpha.org.ar\/?page_id=1858"},"modified":"2021-05-11T03:15:17","modified_gmt":"2021-05-11T03:15:17","slug":"campana-suelo-seguro","status":"publish","type":"page","link":"https:\/\/hpha.org.ar\/en\/campana-suelo-seguro\/","title":{"rendered":"Campa\u00f1a Suelo Seguro"},"content":{"rendered":"<h3><em>La mejora del acceso al suelo significa que m\u00e1s personas viven en viviendas adecuadas.<\/em><\/h3>\n<p><a href=\"http:\/\/www.suelourbano.org\" target=\"_blank\" rel=\"noopener\">Suelo Seguro<\/a> es una campa\u00f1a global para mejorar el acceso a suelo para vivienda de millones de personas que se encuentran en situaci\u00f3n de vulnerabilidad, promoviendo una gobernanza responsable del suelo, pol\u00edticas, sistemas, y pr\u00e1cticas inclusivas, sostenibles, participativas. <strong>Este movimiento ya ha impactado a 1.6 millones de personas<\/strong> a partir de la acci\u00f3n de Solid Ground en <strong>37 pa\u00edses<\/strong>, trabajando por cambios en <strong>pol\u00edticas y sistemas.<\/strong><\/p>\n<p>La <strong>incidencia en pol\u00edticas p\u00fablicas<\/strong>, el <strong>di\u00e1logo multi-actor<\/strong>, y el <strong>fortalecimiento de capacidades<\/strong> para avanzar en la realizaci\u00f3n de los derechos al suelo y la vivienda de las personas y las comunidades de la regi\u00f3n son claves en el marco de la Campa\u00f1a Suelo Seguro.<\/p>\n<p><strong>Como herramientas<\/strong>, entre otras, la Campa\u00f1a Suelo Seguro cuenta con dos principales: <a href=\"http:\/\/www.suelourbano.org\" target=\"_blank\" rel=\"noopener\"><strong>la plataforma Suelo Seguro<\/strong><\/a>, que posibilita conectar, informarse, participar e involucrarse. Los interesados simplemente deben generar un usuario y desde ah\u00ed tienen acceso a debates, art\u00edculos de inter\u00e9s e informaci\u00f3n sobre novedades y actividades.<\/p>\n<p>Y <strong>la estrategia de Laboratorios<\/strong> (Labs presenciales o virtuales) que se originan a demanda de las propias organizaciones de la red Habitat, organizaciones locales, gobiernos y otros, enfocando \u00e1reas estrat\u00e9gicas de vivienda y h\u00e1bitat.<\/p>\n<h3><strong>La campa\u00f1a en Argentina<\/strong><\/h3>\n<p>A fines del 2017, H\u00e1bitat para la Humanidad Argentina fue seleccionada para formar parte de la Campa\u00f1a Suelo Seguro y llevar a cabo un trabajo de incidencia con foco en el acceso al alquiler formal por parte de las familias m\u00e1s vulnerables y uso de espacios urbanos no utilizados.<\/p>\n<p>Asimismo, se buscan explorar experiencias de pol\u00edticas p\u00fablicas que vinculen estos dos temas de forma exitosa.<\/p>\n<p><strong>A trav\u00e9s de la Campa\u00f1a, H\u00e1bitat Argentina podr\u00e1 profundizar en estas las l\u00edneas de abordaje urbano de la vivienda que ya viene trabajando con la experiencia Alquileres Tutelados y <em>Estela de Esperanzas<\/em><\/strong>. El enfoque de trabajo estar\u00e1 puesto tanto en pol\u00edticas p\u00fablicas como en analizar las caracter\u00edsticas del mercado, a fin de vincular actores y alimentar enfoques y l\u00edneas de di\u00e1logo que brinden soluciones posibles.<\/p>\n<p><strong>La campa\u00f1a se compone de tres componentes importantes:<\/strong><\/p>\n<p>&#8211; <strong>Una investigaci\u00f3n cuali-cuantitativa<\/strong> que aborde con mayor profundidad el tema de los vac\u00edos urbanos y permita conocer mejor las motivaciones o miedos de los due\u00f1os de esas propiedades. Los resultados arrojar\u00e1n un n\u00famero estimado de propiedades cerradas y en desuso en determinados barrios del sur de la Ciudad de Buenos Aires e informaci\u00f3n que pueda orientar una propuesta para revertir la situaci\u00f3n.<\/p>\n<p>&#8211; <strong>Un ciclo de webinars<\/strong> previsto para el 2018, para debatir e intercambiar conocimiento sobre vac\u00edos urbanos y alquileres informales, con miras a generar una mesa de actores y obtener, en el mejor de los casos, conclusiones que orienten el dise\u00f1o de posibles soluciones a la problem\u00e1tica espec\u00edfica.<\/p>\n<p>&#8211;<strong> Una experiencia piloto de reciclado de inmuebles vac\u00edos para el alquiler social<\/strong>, en asociaci\u00f3n con la Asociaci\u00f3n de Empresarios de la Vivienda AEV.<\/p>\n<p><strong>+ Info:<\/strong><\/p>\n<p>www.suelourbano.org<\/p>\n<p>www.comunidad.suelourbano.org<\/p>\n<p>info@suelourbano.org<\/p>\n<p><a href=\"http:\/\/hpha.org.ar\/analizamos-la-paradoja-falta-de-viviendas-y-espacios-vacios-en-la-ciudad\/\">Link a la informaci\u00f3n del primer webinario<\/a><\/p>\n<p>&nbsp;<\/p>\n","protected":false},"excerpt":{"rendered":"<p>La mejora del acceso al suelo significa que m\u00e1s personas viven en viviendas adecuadas. Suelo Seguro es una campa\u00f1a global para mejorar el acceso a suelo para vivienda de millones de personas que se encuentran en situaci\u00f3n de vulnerabilidad, promoviendo una gobernanza responsable del suelo, pol\u00edticas, sistemas, y pr\u00e1cticas inclusivas, sostenibles, participativas. Este movimiento ya<\/p>\n<div class=\"post-actions\"><a class=\"button small\" href=\"https:\/\/hpha.org.ar\/en\/campana-suelo-seguro\/\">Leer M\u00e1s<\/a><\/div>\n","protected":false},"author":7,"featured_media":1797,"parent":0,"menu_order":0,"comment_status":"closed","ping_status":"closed","template":"","meta":{"_acf_changed":false,"om_disable_all_campaigns":false,"_monsterinsights_skip_tracking":false,"_monsterinsights_sitenote_active":false,"_monsterinsights_sitenote_note":"","_monsterinsights_sitenote_category":0,"_uf_show_specific_survey":0,"_uf_disable_surveys":false,"footnotes":""},"class_list":["post-1858","page","type-page","status-publish","has-post-thumbnail","hentry"],"acf":[],"aioseo_notices":[],"rttpg_featured_image_url":{"full":["https:\/\/hpha.org.ar\/wp-content\/uploads\/2018\/05\/SueloUrbano-1.jpg",1338,499,false],"landscape":["https:\/\/hpha.org.ar\/wp-content\/uploads\/2018\/05\/SueloUrbano-1.jpg",1338,499,false],"portraits":["https:\/\/hpha.org.ar\/wp-content\/uploads\/2018\/05\/SueloUrbano-1.jpg",1338,499,false],"thumbnail":["https:\/\/hpha.org.ar\/wp-content\/uploads\/2018\/05\/SueloUrbano-1.jpg",150,56,false],"medium":["https:\/\/hpha.org.ar\/wp-content\/uploads\/2018\/05\/SueloUrbano-1.jpg",300,112,false],"large":["https:\/\/hpha.org.ar\/wp-content\/uploads\/2018\/05\/SueloUrbano-1.jpg",860,321,false],"1536x1536":["https:\/\/hpha.org.ar\/wp-content\/uploads\/2018\/05\/SueloUrbano-1.jpg",1338,499,false],"2048x2048":["https:\/\/hpha.org.ar\/wp-content\/uploads\/2018\/05\/SueloUrbano-1.jpg",1338,499,false],"small-header":["https:\/\/hpha.org.ar\/wp-content\/uploads\/2018\/05\/SueloUrbano-1.jpg",590,220,false],"small-event":["https:\/\/hpha.org.ar\/wp-content\/uploads\/2018\/05\/SueloUrbano-1.jpg",100,37,false],"medium-event":["https:\/\/hpha.org.ar\/wp-content\/uploads\/2018\/05\/SueloUrbano-1.jpg",270,101,false],"large-event":["https:\/\/hpha.org.ar\/wp-content\/uploads\/2018\/05\/SueloUrbano-1.jpg",770,287,false],"large-event-2":["https:\/\/hpha.org.ar\/wp-content\/uploads\/2018\/05\/SueloUrbano-1.jpg",540,201,false],"document-thumb":["https:\/\/hpha.org.ar\/wp-content\/uploads\/2018\/05\/SueloUrbano-1.jpg",400,149,false],"gallery-full":["https:\/\/hpha.org.ar\/wp-content\/uploads\/2018\/05\/SueloUrbano-1.jpg",1338,499,false],"gallery-thumb":["https:\/\/hpha.org.ar\/wp-content\/uploads\/2018\/05\/SueloUrbano-1.jpg",540,201,false],"cause-medium":["https:\/\/hpha.org.ar\/wp-content\/uploads\/2018\/05\/SueloUrbano-1.jpg",900,336,false],"staff-home":["https:\/\/hpha.org.ar\/wp-content\/uploads\/2018\/05\/SueloUrbano-1.jpg",292,109,false]},"rttpg_author":{"display_name":"Paula","author_link":"https:\/\/hpha.org.ar\/en\/author\/habitatonar\/"},"rttpg_comment":0,"rttpg_category":null,"rttpg_excerpt":"La mejora del acceso al suelo significa que m\u00e1s personas viven en viviendas adecuadas. Suelo Seguro es una campa\u00f1a global para mejorar el acceso a suelo para vivienda de millones de personas que se encuentran en situaci\u00f3n de vulnerabilidad, promoviendo una gobernanza responsable del suelo, pol\u00edticas, sistemas, y pr\u00e1cticas inclusivas, sostenibles, participativas. Este movimiento yaLeer&hellip;","_links":{"self":[{"href":"https:\/\/hpha.org.ar\/en\/wp-json\/wp\/v2\/pages\/1858","targetHints":{"allow":["GET"]}}],"collection":[{"href":"https:\/\/hpha.org.ar\/en\/wp-json\/wp\/v2\/pages"}],"about":[{"href":"https:\/\/hpha.org.ar\/en\/wp-json\/wp\/v2\/types\/page"}],"author":[{"embeddable":true,"href":"https:\/\/hpha.org.ar\/en\/wp-json\/wp\/v2\/users\/7"}],"replies":[{"embeddable":true,"href":"https:\/\/hpha.org.ar\/en\/wp-json\/wp\/v2\/comments?post=1858"}],"version-history":[{"count":6,"href":"https:\/\/hpha.org.ar\/en\/wp-json\/wp\/v2\/pages\/1858\/revisions"}],"predecessor-version":[{"id":3916,"href":"https:\/\/hpha.org.ar\/en\/wp-json\/wp\/v2\/pages\/1858\/revisions\/3916"}],"wp:featuredmedia":[{"embeddable":true,"href":"https:\/\/hpha.org.ar\/en\/wp-json\/wp\/v2\/media\/1797"}],"wp:attachment":[{"href":"https:\/\/hpha.org.ar\/en\/wp-json\/wp\/v2\/media?parent=1858"}],"curies":[{"name":"wp","href":"https:\/\/api.w.org\/{rel}","templated":true}]}}