{"id":1848,"date":"2018-06-19T20:26:27","date_gmt":"2018-06-19T20:26:27","guid":{"rendered":"http:\/\/hpha.org.ar\/?page_id=1848"},"modified":"2021-04-20T14:12:05","modified_gmt":"2021-04-20T14:12:05","slug":"campana-de-prevencion-de-accidentes-por-monoxido-de-carbono-en-los-hogares","status":"publish","type":"page","link":"https:\/\/hpha.org.ar\/en\/campana-de-prevencion-de-accidentes-por-monoxido-de-carbono-en-los-hogares\/","title":{"rendered":"Campa\u00f1a de\u00a0prevenci\u00f3n de accidentes por mon\u00f3xido de carbono en los hogares"},"content":{"rendered":"<p>Informaci\u00f3n facilitada por <a href=\"http:\/\/www.naturgy.com.ar\">Fundaci\u00f3n Naturgy<\/a><\/p>\n<p>&nbsp;<\/p>\n<h3><span style=\"color: #000000;\"><strong>Consejos clave para la prevenci\u00f3n de accidentes por mon\u00f3xido de carbono en los hogares:<\/strong><\/span><\/h3>\n<ul>\n<li><span style=\"color: #000000;\">No instalar calefones, estufas infrarrojas, catal\u00edticas o de llama abierta, en ba\u00f1os, dormitorios o ambientes cerrados. Solo deben colocarse artefactos de tiro balanceado.<\/span><\/li>\n<li><span style=\"color: #000000;\">Al colocar artefactos, deber\u00e1 asegurarse que haya una entrada de aire desde el exterior a modo de ventilaci\u00f3n suficiente.<\/span><\/li>\n<li><span style=\"color: #000000;\">Todas las instalaciones de gas, la colocaci\u00f3n de artefactos y su reparaci\u00f3n deben ser efectuadas por gasistas matriculados.<\/span><\/li>\n<li><span style=\"color: #000000;\">Verificar el buen funcionamiento de los tirajes o conductos de ventilaci\u00f3n, de modo que no est\u00e9n obstruidos, estrangulados, fisurados desconectados o abollados.<\/span><\/li>\n<li><span style=\"color: #000000;\">No realizar combinaciones ni conexiones de conductos de ventilaci\u00f3n de dos artefactos diferentes (calefones y campanas extractoras). Cada conducto de ventilaci\u00f3n debe ser individual.<\/span><\/li>\n<li><span style=\"color: #000000;\">Revisar peri\u00f3dicamente el estado de las instalaciones internas de gas del hogar por medio de un gasista matriculado.<\/span><\/li>\n<li><span style=\"color: #000000;\">Controle que la llama del quemador de los artefactos (ponga especial \u00e9nfasis en el calef\u00f3n) sea de color azul y de geometr\u00eda uniforme, si fuese amarilla significa que est\u00e1 produciendo Mon\u00f3xido de Carbono. En este caso, apagar el artefacto y hacer revisar el quemador por un gasista matriculado.<\/span><\/li>\n<li><span style=\"color: #000000;\">Dejar una ventana o puerta semi abierta al exterior mientras se utiliza brasero o estufa de keros\u00e9n y sacarlas afuera de la vivienda antes de retirarse a descansar.<\/span><\/li>\n<li><span style=\"color: #000000;\">No utilizar artefactos de calefacci\u00f3n para secar prendas.<\/span><\/li>\n<li><span style=\"color: #000000;\">No usar hornos para calefaccionar ambientes.<\/span><\/li>\n<li><span style=\"color: #000000;\">Verificar el cierre correcto de las canillas de agua caliente, especialmente durante la noche, para evitar el funcionamiento continuo de calefones.<\/span><\/li>\n<li><span style=\"color: #000000;\">Utilizar artefactos aprobados por el ENARGAS.<\/span><\/li>\n<li><span style=\"color: #000000;\">Evitar la sobreocupaci\u00f3n de ambientes con artefactos de calefacci\u00f3n.<\/span><\/li>\n<li><span style=\"color: #000000;\">En caso de que alguna persona est\u00e9 bajo los efectos del mon\u00f3xido de carbono deber\u00e1 ser r\u00e1pidamente retirada del lugar para que aspire aire fresco y sea atendida por un m\u00e9dico.<\/span><\/li>\n<\/ul>\n<p>Desde el a\u00f1o 1992 Gas Natural Fenosa (ahora Naturgy) brinda su servicio de distribuci\u00f3n de gas natural por redes en 30 partidos del norte y oeste del Conurbano bonaerense. Es la segunda distribuidora de gas de la Rep\u00fablica Argentina por volumen de ventas, con m\u00e1s de\u00a0 1.596.701 clientes residenciales, 52.253 comerciales\u00a0y 1.265 industriales,\u00a0400 estaciones de GNC y 3 subdistribuidoras. La extensi\u00f3n de las redes de gas natural asciende a 25.900 kil\u00f3metros.<\/p>\n<p>&nbsp;<\/p>\n<p>&nbsp;<\/p>\n","protected":false},"excerpt":{"rendered":"<p>Informaci\u00f3n facilitada por Fundaci\u00f3n Naturgy &nbsp; Consejos clave para la prevenci\u00f3n de accidentes por mon\u00f3xido de carbono en los hogares: No instalar calefones, estufas infrarrojas, catal\u00edticas o de llama abierta, en ba\u00f1os, dormitorios o ambientes cerrados. Solo deben colocarse artefactos de tiro balanceado. Al colocar artefactos, deber\u00e1 asegurarse que haya una entrada de aire desde<\/p>\n<div class=\"post-actions\"><a class=\"button small\" href=\"https:\/\/hpha.org.ar\/en\/campana-de-prevencion-de-accidentes-por-monoxido-de-carbono-en-los-hogares\/\">Leer M\u00e1s<\/a><\/div>\n","protected":false},"author":7,"featured_media":1852,"parent":0,"menu_order":0,"comment_status":"closed","ping_status":"closed","template":"","meta":{"_acf_changed":false,"om_disable_all_campaigns":false,"_monsterinsights_skip_tracking":false,"_monsterinsights_sitenote_active":false,"_monsterinsights_sitenote_note":"","_monsterinsights_sitenote_category":0,"_uf_show_specific_survey":0,"_uf_disable_surveys":false,"footnotes":""},"class_list":["post-1848","page","type-page","status-publish","has-post-thumbnail","hentry"],"acf":[],"aioseo_notices":[],"rttpg_featured_image_url":{"full":["https:\/\/hpha.org.ar\/wp-content\/uploads\/2018\/06\/Flyer-web.jpg",960,624,false],"landscape":["https:\/\/hpha.org.ar\/wp-content\/uploads\/2018\/06\/Flyer-web.jpg",960,624,false],"portraits":["https:\/\/hpha.org.ar\/wp-content\/uploads\/2018\/06\/Flyer-web.jpg",960,624,false],"thumbnail":["https:\/\/hpha.org.ar\/wp-content\/uploads\/2018\/06\/Flyer-web.jpg",150,98,false],"medium":["https:\/\/hpha.org.ar\/wp-content\/uploads\/2018\/06\/Flyer-web.jpg",300,195,false],"large":["https:\/\/hpha.org.ar\/wp-content\/uploads\/2018\/06\/Flyer-web.jpg",860,559,false],"1536x1536":["https:\/\/hpha.org.ar\/wp-content\/uploads\/2018\/06\/Flyer-web.jpg",960,624,false],"2048x2048":["https:\/\/hpha.org.ar\/wp-content\/uploads\/2018\/06\/Flyer-web.jpg",960,624,false],"small-header":["https:\/\/hpha.org.ar\/wp-content\/uploads\/2018\/06\/Flyer-web.jpg",338,220,false],"small-event":["https:\/\/hpha.org.ar\/wp-content\/uploads\/2018\/06\/Flyer-web.jpg",100,65,false],"medium-event":["https:\/\/hpha.org.ar\/wp-content\/uploads\/2018\/06\/Flyer-web.jpg",231,150,false],"large-event":["https:\/\/hpha.org.ar\/wp-content\/uploads\/2018\/06\/Flyer-web.jpg",508,330,false],"large-event-2":["https:\/\/hpha.org.ar\/wp-content\/uploads\/2018\/06\/Flyer-web.jpg",540,351,false],"document-thumb":["https:\/\/hpha.org.ar\/wp-content\/uploads\/2018\/06\/Flyer-web.jpg",400,260,false],"gallery-full":["https:\/\/hpha.org.ar\/wp-content\/uploads\/2018\/06\/Flyer-web.jpg",960,624,false],"gallery-thumb":["https:\/\/hpha.org.ar\/wp-content\/uploads\/2018\/06\/Flyer-web.jpg",508,330,false],"cause-medium":["https:\/\/hpha.org.ar\/wp-content\/uploads\/2018\/06\/Flyer-web.jpg",808,525,false],"staff-home":["https:\/\/hpha.org.ar\/wp-content\/uploads\/2018\/06\/Flyer-web.jpg",292,190,false]},"rttpg_author":{"display_name":"Paula","author_link":"https:\/\/hpha.org.ar\/en\/author\/habitatonar\/"},"rttpg_comment":0,"rttpg_category":null,"rttpg_excerpt":"Informaci\u00f3n facilitada por Fundaci\u00f3n Naturgy &nbsp; Consejos clave para la prevenci\u00f3n de accidentes por mon\u00f3xido de carbono en los hogares: No instalar calefones, estufas infrarrojas, catal\u00edticas o de llama abierta, en ba\u00f1os, dormitorios o ambientes cerrados. Solo deben colocarse artefactos de tiro balanceado. Al colocar artefactos, deber\u00e1 asegurarse que haya una entrada de aire desdeLeer&hellip;","_links":{"self":[{"href":"https:\/\/hpha.org.ar\/en\/wp-json\/wp\/v2\/pages\/1848","targetHints":{"allow":["GET"]}}],"collection":[{"href":"https:\/\/hpha.org.ar\/en\/wp-json\/wp\/v2\/pages"}],"about":[{"href":"https:\/\/hpha.org.ar\/en\/wp-json\/wp\/v2\/types\/page"}],"author":[{"embeddable":true,"href":"https:\/\/hpha.org.ar\/en\/wp-json\/wp\/v2\/users\/7"}],"replies":[{"embeddable":true,"href":"https:\/\/hpha.org.ar\/en\/wp-json\/wp\/v2\/comments?post=1848"}],"version-history":[{"count":7,"href":"https:\/\/hpha.org.ar\/en\/wp-json\/wp\/v2\/pages\/1848\/revisions"}],"predecessor-version":[{"id":3894,"href":"https:\/\/hpha.org.ar\/en\/wp-json\/wp\/v2\/pages\/1848\/revisions\/3894"}],"wp:featuredmedia":[{"embeddable":true,"href":"https:\/\/hpha.org.ar\/en\/wp-json\/wp\/v2\/media\/1852"}],"wp:attachment":[{"href":"https:\/\/hpha.org.ar\/en\/wp-json\/wp\/v2\/media?parent=1848"}],"curies":[{"name":"wp","href":"https:\/\/api.w.org\/{rel}","templated":true}]}}