{"id":13,"date":"2016-07-06T03:22:54","date_gmt":"2016-07-06T03:22:54","guid":{"rendered":"http:\/\/hpha.org.ar\/?page_id=13"},"modified":"2021-05-13T02:00:02","modified_gmt":"2021-05-13T02:00:02","slug":"historias","status":"publish","type":"page","link":"https:\/\/hpha.org.ar\/en\/historias\/","title":{"rendered":"Historias"},"content":{"rendered":"<h4 class=\"section-title-pages\">HISTORIAS<\/h4>\n<div class=\"pt-cv-wrapper\"><div class=\"pt-cv-view pt-cv-grid pt-cv-colsys\" id=\"pt-cv-view-c5e7a78qyj\"><div data-id=\"pt-cv-page-1\" class=\"pt-cv-page\" data-cvc=\"2\"><div class=\"col-md-6 col-sm-6 col-xs-12 pt-cv-content-item pt-cv-1-col\" ><div class='pt-cv-ifield'><a href=\"https:\/\/hpha.org.ar\/en\/la-historia-de-gohan\/\" class=\"_self pt-cv-href-thumbnail pt-cv-thumb-default\" target=\"_self\" ><img loading=\"lazy\" decoding=\"async\" width=\"300\" height=\"112\" src=\"https:\/\/hpha.org.ar\/wp-content\/uploads\/2025\/09\/Historia_Gohan_Habitat_para_la_Humanidad_Argentina.png\" class=\"pt-cv-thumbnail\" alt=\"Dibujo infantil sobre papel arrugado que muestra tres figuras de palitos etiquetadas como &#039;GOHAN&#039;, &#039;MAM\u00c1&#039; y &#039;PAP\u00c1&#039;. &#039;MAM\u00c1&#039; es la figura m\u00e1s peque\u00f1a, ubicada a la izquierda. &#039;GOHAN&#039; est\u00e1 en el centro, sonriente y con cabello corto. &#039;PAP\u00c1&#039; aparece a la derecha, de pie sobre una escalera.\" \/><\/a>\n<h4 class=\"pt-cv-title\"><a href=\"https:\/\/hpha.org.ar\/en\/la-historia-de-gohan\/\" class=\"_self\" target=\"_self\" >(Espa\u00f1ol) La historia de Gohan<\/a><\/h4>\n<div class=\"pt-cv-content\">Sorry, this entry is only available in Espa\u00f1ol ...<br \/><div class=\"pt-cv-rmwrap\"><a href=\"https:\/\/hpha.org.ar\/en\/la-historia-de-gohan\/\" class=\"_self pt-cv-readmore btn btn-success\" target=\"_self\">Leer M\u00e1s<\/a><\/div><\/div><\/div><\/div>\n<div class=\"col-md-6 col-sm-6 col-xs-12 pt-cv-content-item pt-cv-1-col\" ><div class='pt-cv-ifield'><a href=\"https:\/\/hpha.org.ar\/en\/como-vivo-el-voluntariado\/\" class=\"_self pt-cv-href-thumbnail pt-cv-thumb-default\" target=\"_self\" ><img loading=\"lazy\" decoding=\"async\" width=\"300\" height=\"112\" src=\"https:\/\/hpha.org.ar\/wp-content\/uploads\/2025\/08\/Voluntariado-Header-Image.png\" class=\"pt-cv-thumbnail\" alt=\"Remera de Voluntariado de H\u00e1bitat para la Humanidad Argentina\" \/><\/a>\n<h4 class=\"pt-cv-title\"><a href=\"https:\/\/hpha.org.ar\/en\/como-vivo-el-voluntariado\/\" class=\"_self\" target=\"_self\" >&#8220;How Do I Experience Volunteering?&#8221;<\/a><\/h4>\n<div class=\"pt-cv-content\">How Do I Experience Volunteering? Volunteering has something very special because it comes from a place of desire, without expecting ...<br \/><div class=\"pt-cv-rmwrap\"><a href=\"https:\/\/hpha.org.ar\/en\/como-vivo-el-voluntariado\/\" class=\"_self pt-cv-readmore btn btn-success\" target=\"_self\">Leer M\u00e1s<\/a><\/div><\/div><\/div><\/div>\n<div class=\"col-md-6 col-sm-6 col-xs-12 pt-cv-content-item pt-cv-1-col\" ><div class='pt-cv-ifield'><a href=\"https:\/\/hpha.org.ar\/en\/un-camino-a-la-vivienda\/\" class=\"_self pt-cv-href-thumbnail pt-cv-thumb-default\" target=\"_self\" ><img loading=\"lazy\" decoding=\"async\" width=\"300\" height=\"161\" src=\"https:\/\/hpha.org.ar\/wp-content\/uploads\/2022\/11\/Foto-boletin-20-300x161.png\" class=\"pt-cv-thumbnail\" alt=\"\" \/><\/a>\n<h4 class=\"pt-cv-title\"><a href=\"https:\/\/hpha.org.ar\/en\/un-camino-a-la-vivienda\/\" class=\"_self\" target=\"_self\" >(Espa\u00f1ol) Un camino a la vivienda<\/a><\/h4>\n<div class=\"pt-cv-content\">Sorry, this entry is only available in Espa\u00f1ol ...<br \/><div class=\"pt-cv-rmwrap\"><a href=\"https:\/\/hpha.org.ar\/en\/un-camino-a-la-vivienda\/\" class=\"_self pt-cv-readmore btn btn-success\" target=\"_self\">Leer M\u00e1s<\/a><\/div><\/div><\/div><\/div>\n<div class=\"col-md-6 col-sm-6 col-xs-12 pt-cv-content-item pt-cv-1-col\" ><div class='pt-cv-ifield'><a href=\"https:\/\/hpha.org.ar\/en\/mi-deseo-es-decirte-que-se-puede\/\" class=\"_self pt-cv-href-thumbnail pt-cv-thumb-default\" target=\"_self\" ><img loading=\"lazy\" decoding=\"async\" width=\"300\" height=\"239\" src=\"https:\/\/hpha.org.ar\/wp-content\/uploads\/2019\/12\/Puerta.jpg\" class=\"pt-cv-thumbnail\" alt=\"\" \/><\/a>\n<h4 class=\"pt-cv-title\"><a href=\"https:\/\/hpha.org.ar\/en\/mi-deseo-es-decirte-que-se-puede\/\" class=\"_self\" target=\"_self\" >(Espa\u00f1ol) \u201cMi deseo es decirte que se puede\u201d<\/a><\/h4>\n<div class=\"pt-cv-content\">Sorry, this entry is only available in Espa\u00f1ol ...<br \/><div class=\"pt-cv-rmwrap\"><a href=\"https:\/\/hpha.org.ar\/en\/mi-deseo-es-decirte-que-se-puede\/\" class=\"_self pt-cv-readmore btn btn-success\" target=\"_self\">Leer M\u00e1s<\/a><\/div><\/div><\/div><\/div>\n<div class=\"col-md-6 col-sm-6 col-xs-12 pt-cv-content-item pt-cv-1-col\" ><div class='pt-cv-ifield'><a href=\"https:\/\/hpha.org.ar\/en\/por-que-apoyo-a-hpha\/\" class=\"_self pt-cv-href-thumbnail pt-cv-thumb-default\" target=\"_self\" ><img loading=\"lazy\" decoding=\"async\" width=\"300\" height=\"200\" src=\"https:\/\/hpha.org.ar\/wp-content\/uploads\/2019\/06\/IMG_4378.jpg\" class=\"pt-cv-thumbnail\" alt=\"\" \/><\/a>\n<h4 class=\"pt-cv-title\"><a href=\"https:\/\/hpha.org.ar\/en\/por-que-apoyo-a-hpha\/\" class=\"_self\" target=\"_self\" >Por qu\u00e9 apoyo a HPHA<\/a><\/h4>\n<div class=\"pt-cv-content\">Adriana Berra |\u00a0Voluntaria y Donante Desde peque\u00f1a siempre he tenido una pregunta que a\u00fan hoy no tiene respuesta. Por qu\u00e9 ...<br \/><div class=\"pt-cv-rmwrap\"><a href=\"https:\/\/hpha.org.ar\/en\/por-que-apoyo-a-hpha\/\" class=\"_self pt-cv-readmore btn btn-success\" target=\"_self\">Leer M\u00e1s<\/a><\/div><\/div><\/div><\/div>\n<div class=\"col-md-6 col-sm-6 col-xs-12 pt-cv-content-item pt-cv-1-col\" ><div class='pt-cv-ifield'><a href=\"https:\/\/hpha.org.ar\/en\/la-tercera-es-la-vencida-tener-tu-casa-te-cambia-la-vida\/\" class=\"_self pt-cv-href-thumbnail pt-cv-thumb-default\" target=\"_self\" ><img loading=\"lazy\" decoding=\"async\" width=\"300\" height=\"218\" src=\"https:\/\/hpha.org.ar\/wp-content\/uploads\/2019\/11\/Cintia.jpg\" class=\"pt-cv-thumbnail\" alt=\"\" \/><\/a>\n<h4 class=\"pt-cv-title\"><a href=\"https:\/\/hpha.org.ar\/en\/la-tercera-es-la-vencida-tener-tu-casa-te-cambia-la-vida\/\" class=\"_self\" target=\"_self\" >(Espa\u00f1ol) La tercera es la vencida:\u00a0\u201cTener tu casa te cambia la vida\u201d<\/a><\/h4>\n<div class=\"pt-cv-content\">Sorry, this entry is only available in Espa\u00f1ol ...<br \/><div class=\"pt-cv-rmwrap\"><a href=\"https:\/\/hpha.org.ar\/en\/la-tercera-es-la-vencida-tener-tu-casa-te-cambia-la-vida\/\" class=\"_self pt-cv-readmore btn btn-success\" target=\"_self\">Leer M\u00e1s<\/a><\/div><\/div><\/div><\/div><\/div><\/div>\n<div class=\" pt-cv-pagination-wrapper\"><ul class=\"pt-cv-pagination pt-cv-normal pagination\" data-totalpages=\"5\" data-currentpage=\"1\" data-sid=\"c5e7a78qyj\" data-unid=\"\" data-isblock=\"\" data-postid=\"\"><li class=\"active\"><a href=\"#\">1<\/a><\/li>\n\t<li ><a class=\"\" href=\"https:\/\/hpha.org.ar\/en\/wp-json\/wp\/v2\/pages\/13\/?_page=2\">2<\/a><\/li>\n\t<li ><a class=\"\" href=\"https:\/\/hpha.org.ar\/en\/wp-json\/wp\/v2\/pages\/13\/?_page=3\">3<\/a><\/li>\n\t<li ><a href=\"#\">&hellip;<\/a><\/li>\n\t<li ><a class=\"\" href=\"https:\/\/hpha.org.ar\/en\/wp-json\/wp\/v2\/pages\/13\/?_page=5\">5<\/a><\/li>\n\t<li ><a class=\" \" href=\"https:\/\/hpha.org.ar\/en\/wp-json\/wp\/v2\/pages\/13\/?_page=2\">&rsaquo;<\/a><\/li>\n\t<\/ul><img loading=\"lazy\" decoding=\"async\" width=\"15\" height=\"15\" class=\"pt-cv-spinner\" alt=\"Loading...\" src=\"data:image\/gif;base64,R0lGODlhDwAPALMPAMrKygwMDJOTkz09PZWVla+vr3p6euTk5M7OzuXl5TMzMwAAAJmZmWZmZszMzP\/\/\/yH\/C05FVFNDQVBFMi4wAwEAAAAh+QQFCgAPACwAAAAADwAPAAAEQvDJaZaZOIcV8iQK8VRX4iTYoAwZ4iCYoAjZ4RxejhVNoT+mRGP4cyF4Pp0N98sBGIBMEMOotl6YZ3S61Bmbkm4mAgAh+QQFCgAPACwAAAAADQANAAAENPDJSRSZeA418itN8QiK8BiLITVsFiyBBIoYqnoewAD4xPw9iY4XLGYSjkQR4UAUD45DLwIAIfkEBQoADwAsAAAAAA8ACQAABC\/wyVlamTi3nSdgwFNdhEJgTJoNyoB9ISYoQmdjiZPcj7EYCAeCF1gEDo4Dz2eIAAAh+QQFCgAPACwCAAAADQANAAAEM\/DJBxiYeLKdX3IJZT1FU0iIg2RNKx3OkZVnZ98ToRD4MyiDnkAh6BkNC0MvsAj0kMpHBAAh+QQFCgAPACwGAAAACQAPAAAEMDC59KpFDll73HkAA2wVY5KgiK5b0RRoI6MuzG6EQqCDMlSGheEhUAgqgUUAFRySIgAh+QQFCgAPACwCAAIADQANAAAEM\/DJKZNLND\/kkKaHc3xk+QAMYDKsiaqmZCxGVjSFFCxB1vwy2oOgIDxuucxAMTAJFAJNBAAh+QQFCgAPACwAAAYADwAJAAAEMNAs86q1yaWwwv2Ig0jUZx3OYa4XoRAfwADXoAwfo1+CIjyFRuEho60aSNYlOPxEAAAh+QQFCgAPACwAAAIADQANAAAENPA9s4y8+IUVcqaWJ4qEQozSoAzoIyhCK2NFU2SJk0hNnyEOhKR2AzAAj4Pj4GE4W0bkJQIAOw==\" \/><div class=\"clear pt-cv-clear-pagination\"><\/div><\/div><\/div>\n","protected":false},"excerpt":{"rendered":"<p>HISTORIAS<\/p>\n","protected":false},"author":7,"featured_media":0,"parent":0,"menu_order":0,"comment_status":"closed","ping_status":"closed","template":"","meta":{"_acf_changed":false,"om_disable_all_campaigns":false,"_monsterinsights_skip_tracking":false,"_monsterinsights_sitenote_active":false,"_monsterinsights_sitenote_note":"","_monsterinsights_sitenote_category":0,"_uf_show_specific_survey":0,"_uf_disable_surveys":false,"footnotes":""},"class_list":["post-13","page","type-page","status-publish","hentry"],"acf":[],"aioseo_notices":[],"rttpg_featured_image_url":null,"rttpg_author":{"display_name":"Paula","author_link":"https:\/\/hpha.org.ar\/en\/author\/habitatonar\/"},"rttpg_comment":0,"rttpg_category":null,"rttpg_excerpt":"HISTORIAS","_links":{"self":[{"href":"https:\/\/hpha.org.ar\/en\/wp-json\/wp\/v2\/pages\/13","targetHints":{"allow":["GET"]}}],"collection":[{"href":"https:\/\/hpha.org.ar\/en\/wp-json\/wp\/v2\/pages"}],"about":[{"href":"https:\/\/hpha.org.ar\/en\/wp-json\/wp\/v2\/types\/page"}],"author":[{"embeddable":true,"href":"https:\/\/hpha.org.ar\/en\/wp-json\/wp\/v2\/users\/7"}],"replies":[{"embeddable":true,"href":"https:\/\/hpha.org.ar\/en\/wp-json\/wp\/v2\/comments?post=13"}],"version-history":[{"count":26,"href":"https:\/\/hpha.org.ar\/en\/wp-json\/wp\/v2\/pages\/13\/revisions"}],"predecessor-version":[{"id":1413,"href":"https:\/\/hpha.org.ar\/en\/wp-json\/wp\/v2\/pages\/13\/revisions\/1413"}],"wp:attachment":[{"href":"https:\/\/hpha.org.ar\/en\/wp-json\/wp\/v2\/media?parent=13"}],"curies":[{"name":"wp","href":"https:\/\/api.w.org\/{rel}","templated":true}]}}