{"id":112,"date":"2016-07-06T22:54:20","date_gmt":"2016-07-06T22:54:20","guid":{"rendered":"http:\/\/hpha.org.ar\/?page_id=112"},"modified":"2023-08-04T18:45:11","modified_gmt":"2023-08-04T18:45:11","slug":"noticias","status":"publish","type":"page","link":"https:\/\/hpha.org.ar\/en\/noticias\/","title":{"rendered":"Noticias"},"content":{"rendered":"<style type='text\/css' media='all'>#rt-tpg-container-3163229377 .rt-holder .rt-woo-info .price{color:#0367bf;}body .rt-tpg-container .rt-tpg-isotope-buttons .selected,\n\t\t\t\t\t#rt-tpg-container-3163229377 .layout12 .rt-holder:hover .rt-detail,\n\t\t\t\t\t#rt-tpg-container-3163229377 .isotope8 .rt-holder:hover .rt-detail,\n\t\t\t\t\t#rt-tpg-container-3163229377 .carousel8 .rt-holder:hover .rt-detail,\n\t\t\t\t\t#rt-tpg-container-3163229377 .layout13 .rt-holder .overlay .post-info,\n\t\t\t\t\t#rt-tpg-container-3163229377 .isotope9 .rt-holder .overlay .post-info,\n\t\t\t\t\t#rt-tpg-container-3163229377.rt-tpg-container .layout4 .rt-holder .rt-detail,\n\t\t\t\t\t.rt-modal-3163229377 .md-content,\n\t\t\t\t\t.rt-modal-3163229377 .md-content > .rt-md-content-holder .rt-md-content,\n\t\t\t\t\t.rt-popup-wrap-3163229377.rt-popup-wrap .rt-popup-navigation-wrap,\n\t\t\t\t\t#rt-tpg-container-3163229377 .carousel9 .rt-holder .overlay .post-info{background-color:#0367bf;}#rt-tpg-container-3163229377 .layout5 .rt-holder .overlay, #rt-tpg-container-3163229377 .isotope2 .rt-holder .overlay, #rt-tpg-container-3163229377 .carousel2 .rt-holder .overlay,#rt-tpg-container-3163229377 .layout15 .rt-holder h3, #rt-tpg-container-3163229377 .isotope11 .rt-holder h3, #rt-tpg-container-3163229377 .carousel11 .rt-holder h3, #rt-tpg-container-3163229377 .layout16 .rt-holder h3,\n\t\t\t\t\t#rt-tpg-container-3163229377 .isotope12 .rt-holder h3, #rt-tpg-container-3163229377 .carousel12 .rt-holder h3 {background-color:rgba(3,103,191,0.8);}#rt-tpg-container-3163229377 .read-more a{border-radius:px;}#rt-tpg-container-3163229377 .rt-img-holder img.rt-img-responsive,#rt-tpg-container-3163229377 .rt-img-holder,\n\t\t\t\t\t#rt-tpg-container-3163229377 .rt-post-overlay .post-img,\n\t\t\t\t\t#rt-tpg-container-3163229377 .post-sm .post-img,\n\t\t\t\t\t#rt-tpg-container-3163229377 .rt-post-grid .post-img,\n\t\t\t\t\t#rt-tpg-container-3163229377 .post-img img {border-radius:px;}#rt-tpg-container-3163229377 .layout1 .rt-holder h2.entry-title,\n\t\t\t\t\t#rt-tpg-container-3163229377 .layout1 .rt-holder h3.entry-title,\n\t\t\t\t\t#rt-tpg-container-3163229377 .layout1 .rt-holder h4.entry-title,\n\t\t\t\t\t#rt-tpg-container-3163229377 .layout1 .rt-holder h2.entry-title a,\n\t\t\t\t\t#rt-tpg-container-3163229377 .layout1 .rt-holder h3.entry-title a,\n\t\t\t\t\t#rt-tpg-container-3163229377 .layout1 .rt-holder h4.entry-title a,\n\t\t\t\t\t#rt-tpg-container-3163229377 .rt-holder .rt-woo-info h2 a,\n\t\t\t\t\t#rt-tpg-container-3163229377 .rt-holder .rt-woo-info h3 a,\n\t\t\t\t\t#rt-tpg-container-3163229377 .rt-holder .rt-woo-info h4 a,\n\t\t\t\t\t#rt-tpg-container-3163229377 .post-content .post-title,\n\t\t\t\t\t#rt-tpg-container-3163229377 .rt-post-grid .post-title,\n\t\t\t\t\t#rt-tpg-container-3163229377 .rt-post-grid .post-title a,\n\t\t\t\t\t#rt-tpg-container-3163229377 .post-content .post-title a,\n\t\t\t\t\t#rt-tpg-container-3163229377 .rt-holder .rt-woo-info h2,\n\t\t\t\t\t#rt-tpg-container-3163229377 .rt-holder .rt-woo-info h3,\n\t\t\t\t\t#rt-tpg-container-3163229377 .rt-holder .rt-woo-info h4{color:#00afd7;}<\/style><div class='rt-container-fluid rt-tpg-container tpg-shortcode-main-wrapper ' id='rt-tpg-container-3163229377'   data-layout='layout1' data-grid-style='even' data-desktop-col='3'  data-tab-col='2'  data-mobile-col='1' data-sc-id='3789'><div data-title='Loading ...' class='rt-row rt-content-loader   layout1 tpg-even '><div class=\"rt-col-md-4 rt-col-sm-6 rt-col-xs-12 even-grid-item rt-grid-item\" data-id=\"5214\"><div class=\"rt-holder\"><div class=\"rt-img-holder\"><a data-id=\"5214\" class=\"\" href=\"https:\/\/hpha.org.ar\/en\/unpiso\/\"><img loading=\"lazy\" decoding=\"async\" width=\"540\" height=\"201\" src=\"https:\/\/hpha.org.ar\/wp-content\/uploads\/2026\/03\/Alianza-por-la-Erradicacion-de-Pisos-de-Tierra_Habitat_para_la_Humanidad_Argentina.png\" class=\"rt-img-responsive \" alt=\"\" \/><\/a><\/div><div class='rt-detail'><h2 class=\"entry-title\"><a data-id=\"5214\" class=\"\" href=\"https:\/\/hpha.org.ar\/en\/unpiso\/\">(Espa\u00f1ol) Alianza de pisos<\/a><\/h2><div class='tpg-excerpt'>Sorry, this entry is only available in Espa\u00f1ol...<\/div><\/div><\/div><\/div><div class=\"rt-col-md-4 rt-col-sm-6 rt-col-xs-12 even-grid-item rt-grid-item\" data-id=\"5210\"><div class=\"rt-holder\"><div class=\"rt-img-holder\"><a data-id=\"5210\" class=\"\" href=\"https:\/\/hpha.org.ar\/en\/dia-del-agua\/\"><img loading=\"lazy\" decoding=\"async\" width=\"540\" height=\"304\" src=\"https:\/\/hpha.org.ar\/wp-content\/uploads\/2024\/12\/2024-11-17-Los-Grillos-Salud-y-Vivienda-29.jpg\" class=\"rt-img-responsive \" alt=\"Una zanja del barrio Los Grillos desbordada y contaminada\" \/><\/a><\/div><div class='rt-detail'><h2 class=\"entry-title\"><a data-id=\"5210\" class=\"\" href=\"https:\/\/hpha.org.ar\/en\/dia-del-agua\/\">World Water Day<\/a><\/h2><div class='tpg-excerpt'>World Water Day: Habitat for Humanity Argentina and the Right to Water Every March 22, World Water Day is observed, a date established by the United Nations in the 1990s to highlight the importance of freshwater in human life and to promote solutions that ensure access to water across the globe. This year, the thematic<a href=\"https:\/\/hpha.org.ar\/en\/dia-del-agua\/\">Leer M\u00e1s<\/a>...<\/div><\/div><\/div><\/div><div class=\"rt-col-md-4 rt-col-sm-6 rt-col-xs-12 even-grid-item rt-grid-item\" data-id=\"5198\"><div class=\"rt-holder\"><div class=\"rt-img-holder\"><a data-id=\"5198\" class=\"\" href=\"https:\/\/hpha.org.ar\/en\/anuario-2025\/\"><img loading=\"lazy\" decoding=\"async\" width=\"540\" height=\"201\" src=\"https:\/\/hpha.org.ar\/wp-content\/uploads\/2026\/03\/Anuario_2025_Habitat_Para_La_Humanidad_Argentina.png\" class=\"rt-img-responsive \" alt=\"\" \/><\/a><\/div><div class='rt-detail'><h2 class=\"entry-title\"><a data-id=\"5198\" class=\"\" href=\"https:\/\/hpha.org.ar\/en\/anuario-2025\/\">(Espa\u00f1ol) Anuario 2025<\/a><\/h2><div class='tpg-excerpt'>Sorry, this entry is only available in Espa\u00f1ol...<\/div><\/div><\/div><\/div><div class=\"rt-col-md-4 rt-col-sm-6 rt-col-xs-12 even-grid-item rt-grid-item\" data-id=\"5156\"><div class=\"rt-holder\"><div class=\"rt-img-holder\"><a data-id=\"5156\" class=\"\" href=\"https:\/\/hpha.org.ar\/en\/tenes-una-propiedad-inalquilable\/\"><img loading=\"lazy\" decoding=\"async\" width=\"540\" height=\"201\" src=\"https:\/\/hpha.org.ar\/wp-content\/uploads\/2026\/01\/Alquilar_Departamento_Oportunidad_Reciclar_Habitat_Para_La_Humanidad_Argentina_Inmobiliaria.png\" class=\"rt-img-responsive \" alt=\"\" \/><\/a><\/div><div class='rt-detail'><h2 class=\"entry-title\"><a data-id=\"5156\" class=\"\" href=\"https:\/\/hpha.org.ar\/en\/tenes-una-propiedad-inalquilable\/\">Vacant Properties<\/a><\/h2><div class='tpg-excerpt'>Do You Have a Vacant Property and Don\u2019t Know How to Rent It? It is estimated that at least 1 in 10 homes in the City of Buenos Aires are vacant. The reasons behind this phenomenon are diverse and stand in stark contrast to the high level of housing deficit. Many people own properties that<a href=\"https:\/\/hpha.org.ar\/en\/tenes-una-propiedad-inalquilable\/\">Leer M\u00e1s<\/a>...<\/div><\/div><\/div><\/div><div class=\"rt-col-md-4 rt-col-sm-6 rt-col-xs-12 even-grid-item rt-grid-item\" data-id=\"5176\"><div class=\"rt-holder\"><div class=\"rt-img-holder\"><a data-id=\"5176\" class=\"\" href=\"https:\/\/hpha.org.ar\/en\/great-place-to-work\/\"><img loading=\"lazy\" decoding=\"async\" width=\"540\" height=\"201\" src=\"https:\/\/hpha.org.ar\/wp-content\/uploads\/2026\/02\/Habitat_para_la_Humanidad_Argentina_Great_Place_To_Work.png\" class=\"rt-img-responsive \" alt=\"Collage de fotos del equipo de H\u00e1bitat para la Humanidad Argentina junto al logo de Great Place to Work\" \/><\/a><\/div><div class='rt-detail'><h2 class=\"entry-title\"><a data-id=\"5176\" class=\"\" href=\"https:\/\/hpha.org.ar\/en\/great-place-to-work\/\">(Espa\u00f1ol) Great Place to Work<\/a><\/h2><div class='tpg-excerpt'>Sorry, this entry is only available in Espa\u00f1ol...<\/div><\/div><\/div><\/div><div class=\"rt-col-md-4 rt-col-sm-6 rt-col-xs-12 even-grid-item rt-grid-item\" data-id=\"5169\"><div class=\"rt-holder\"><div class=\"rt-img-holder\"><a data-id=\"5169\" class=\"\" href=\"https:\/\/hpha.org.ar\/en\/habitat-on-the-hill\/\"><img loading=\"lazy\" decoding=\"async\" width=\"540\" height=\"201\" src=\"https:\/\/hpha.org.ar\/wp-content\/uploads\/2026\/02\/Habitat_Para_La_Humanidad_Argentina_Habitat_On_The_Hill.png\" class=\"rt-img-responsive \" alt=\"El poster de H\u00e1bitat para la Humanidad Argentina y tres mujeres paradas frente al mismo sonriendo.\" \/><\/a><\/div><div class='rt-detail'><h2 class=\"entry-title\"><a data-id=\"5169\" class=\"\" href=\"https:\/\/hpha.org.ar\/en\/habitat-on-the-hill\/\">Habitat on the Hill<\/a><\/h2><div class='tpg-excerpt'>Argentina shared its experience in social rental housing at Habitat on the Hill 2026 Habitat for Humanity Argentina presented a poster on its advocacy efforts for social rental housing, which captured the attention of U.S. affiliates. During Habitat on the Hill 2026, Habitat for Humanity International\u2019s annual legislative conference, Argentina showcased its work within the<a href=\"https:\/\/hpha.org.ar\/en\/habitat-on-the-hill\/\">Leer M\u00e1s<\/a>...<\/div><\/div><\/div><\/div><div class=\"rt-col-md-4 rt-col-sm-6 rt-col-xs-12 even-grid-item rt-grid-item\" data-id=\"5167\"><div class=\"rt-holder\"><div class=\"rt-img-holder\"><a data-id=\"5167\" class=\"\" href=\"https:\/\/hpha.org.ar\/en\/convocatoria-red-mejores-viviendas\/\"><img loading=\"lazy\" decoding=\"async\" width=\"540\" height=\"225\" src=\"https:\/\/hpha.org.ar\/wp-content\/uploads\/2022\/10\/Red_Mejores_Viviendas_Habitat_Para_La_Humanidad_Argentina.png\" class=\"rt-img-responsive \" alt=\"Tres personas caminan por las calles de un barrio. Una tiene una remera de H\u00e1bitat para la Humanidad Argentina, la otra de C\u00e1ritas Argentina y la tercera es una vecina.\" \/><\/a><\/div><div class='rt-detail'><h2 class=\"entry-title\"><a data-id=\"5167\" class=\"\" href=\"https:\/\/hpha.org.ar\/en\/convocatoria-red-mejores-viviendas\/\">(Espa\u00f1ol) Red Mejores Viviendas<\/a><\/h2><div class='tpg-excerpt'>Sorry, this entry is only available in Espa\u00f1ol...<\/div><\/div><\/div><\/div><div class=\"rt-col-md-4 rt-col-sm-6 rt-col-xs-12 even-grid-item rt-grid-item\" data-id=\"5137\"><div class=\"rt-holder\"><div class=\"rt-img-holder\"><a data-id=\"5137\" class=\"\" href=\"https:\/\/hpha.org.ar\/en\/despedida-de-ana\/\"><img loading=\"lazy\" decoding=\"async\" width=\"540\" height=\"201\" src=\"https:\/\/hpha.org.ar\/wp-content\/uploads\/2025\/12\/Despedida_Ana_Habitat_para_la_Humanidad_Argentina.png\" class=\"rt-img-responsive \" alt=\"Foto del equipo de H\u00e1bitat para la Humanidad Argentina\" \/><\/a><\/div><div class='rt-detail'><h2 class=\"entry-title\"><a data-id=\"5137\" class=\"\" href=\"https:\/\/hpha.org.ar\/en\/despedida-de-ana\/\">(Espa\u00f1ol) Despedida de Ana<\/a><\/h2><div class='tpg-excerpt'>Sorry, this entry is only available in Espa\u00f1ol...<\/div><\/div><\/div><\/div><div class=\"rt-col-md-4 rt-col-sm-6 rt-col-xs-12 even-grid-item rt-grid-item\" data-id=\"5132\"><div class=\"rt-holder\"><div class=\"rt-img-holder\"><a data-id=\"5132\" class=\"\" href=\"https:\/\/hpha.org.ar\/en\/historias-voluntarias\/\"><img loading=\"lazy\" decoding=\"async\" width=\"540\" height=\"201\" src=\"https:\/\/hpha.org.ar\/wp-content\/uploads\/2025\/12\/Dia_del_Voluntariado_Habitat_para_la_Humanidad_Argentina.png\" class=\"rt-img-responsive \" alt=\"Collage de fotos de voluntariado\" \/><\/a><\/div><div class='rt-detail'><h2 class=\"entry-title\"><a data-id=\"5132\" class=\"\" href=\"https:\/\/hpha.org.ar\/en\/historias-voluntarias\/\">(Espa\u00f1ol) Historias Voluntarias<\/a><\/h2><div class='tpg-excerpt'>Sorry, this entry is only available in Espa\u00f1ol...<\/div><\/div><\/div><\/div><div class=\"rt-col-md-4 rt-col-sm-6 rt-col-xs-12 even-grid-item rt-grid-item\" data-id=\"5119\"><div class=\"rt-holder\"><div class=\"rt-img-holder\"><a data-id=\"5119\" class=\"\" href=\"https:\/\/hpha.org.ar\/en\/unpisoennavidad\/\"><img loading=\"lazy\" decoding=\"async\" width=\"540\" height=\"201\" src=\"https:\/\/hpha.org.ar\/wp-content\/uploads\/2025\/11\/Navidad_Regala_piso_Habitat_Para_La_Humanidad_Argentina.png\" class=\"rt-img-responsive \" alt=\"\" \/><\/a><\/div><div class='rt-detail'><h2 class=\"entry-title\"><a data-id=\"5119\" class=\"\" href=\"https:\/\/hpha.org.ar\/en\/unpisoennavidad\/\">(Espa\u00f1ol) Regal\u00e1 un piso<\/a><\/h2><div class='tpg-excerpt'>Sorry, this entry is only available in Espa\u00f1ol...<\/div><\/div><\/div><\/div><div class=\"rt-col-md-4 rt-col-sm-6 rt-col-xs-12 even-grid-item rt-grid-item\" data-id=\"5110\"><div class=\"rt-holder\"><div class=\"rt-img-holder\"><a data-id=\"5110\" class=\"\" href=\"https:\/\/hpha.org.ar\/en\/impacto-de-las-obras-de-integracion\/\"><img loading=\"lazy\" decoding=\"async\" width=\"540\" height=\"201\" src=\"https:\/\/hpha.org.ar\/wp-content\/uploads\/2025\/10\/Habitat_para_la_Humanidad_Argentina_Impacto_SISU.png\" class=\"rt-img-responsive \" alt=\"\" \/><\/a><\/div><div class='rt-detail'><h2 class=\"entry-title\"><a data-id=\"5110\" class=\"\" href=\"https:\/\/hpha.org.ar\/en\/impacto-de-las-obras-de-integracion\/\">(Espa\u00f1ol) Impacto de las Obras de Integraci\u00f3n<\/a><\/h2><div class='tpg-excerpt'>Sorry, this entry is only available in Espa\u00f1ol...<\/div><\/div><\/div><\/div><div class=\"rt-col-md-4 rt-col-sm-6 rt-col-xs-12 even-grid-item rt-grid-item\" data-id=\"5105\"><div class=\"rt-holder\"><div class=\"rt-img-holder\"><a data-id=\"5105\" class=\"\" href=\"https:\/\/hpha.org.ar\/en\/dia-del-habitat-2025\/\"><img loading=\"lazy\" decoding=\"async\" width=\"540\" height=\"201\" src=\"https:\/\/hpha.org.ar\/wp-content\/uploads\/2025\/10\/Dia_Mundial_Del_Habitat_2025_Habitat_para_la_Humanidad_Argentina.png\" class=\"rt-img-responsive \" alt=\"Encabezado con logos de Vivienda Digna, Techo, Mujeres 2000, M\u00f3dulo Sanitario y H\u00e1bitat para la Humanidad Argentina. Adem\u00e1s, dice &quot;D\u00eda Mundial del H\u00e1bitat&quot;\" \/><\/a><\/div><div class='rt-detail'><h2 class=\"entry-title\"><a data-id=\"5105\" class=\"\" href=\"https:\/\/hpha.org.ar\/en\/dia-del-habitat-2025\/\">(Espa\u00f1ol) D\u00eda del H\u00e1bitat 2025<\/a><\/h2><div class='tpg-excerpt'>Sorry, this entry is only available in Espa\u00f1ol...<\/div><\/div><\/div><\/div><\/div><div class='rt-pagination-wrap' data-total-pages='15' data-posts-per-page='12' data-type='pagination'  ><div class=\"rt-pagination\" ><ul class=\"pagination-list\"><li class=\"active\"><span>1<\/span><\/li><li><a data-paged='2' href='https:\/\/hpha.org.ar\/en\/wp-json\/wp\/v2\/pages\/112\/page\/2\/'>2<\/a><\/li><li><a data-paged='3' href='https:\/\/hpha.org.ar\/en\/wp-json\/wp\/v2\/pages\/112\/page\/3\/'>3<\/a><\/li><li><a data-paged='4' href='https:\/\/hpha.org.ar\/en\/wp-json\/wp\/v2\/pages\/112\/page\/4\/'>4<\/a><\/li><li><a data-paged='5' href='https:\/\/hpha.org.ar\/en\/wp-json\/wp\/v2\/pages\/112\/page\/5\/'>5<\/a><\/li><li><a data-paged='2' href=\"https:\/\/hpha.org.ar\/en\/wp-json\/wp\/v2\/pages\/112\/page\/2\/\"  aria-label='Next'>&rsaquo;<\/a><\/li><li><a data-paged='15' href='https:\/\/hpha.org.ar\/en\/wp-json\/wp\/v2\/pages\/112\/page\/15\/' aria-label='Last'>&raquo;<\/a><\/li><\/ul><\/div><\/div><\/div>\n","protected":false},"excerpt":{"rendered":"","protected":false},"author":7,"featured_media":4077,"parent":0,"menu_order":0,"comment_status":"closed","ping_status":"closed","template":"","meta":{"_acf_changed":false,"om_disable_all_campaigns":false,"_monsterinsights_skip_tracking":false,"_monsterinsights_sitenote_active":false,"_monsterinsights_sitenote_note":"","_monsterinsights_sitenote_category":0,"_uf_show_specific_survey":0,"_uf_disable_surveys":false,"footnotes":""},"class_list":["post-112","page","type-page","status-publish","has-post-thumbnail","hentry"],"acf":[],"aioseo_notices":[],"rttpg_featured_image_url":{"full":["https:\/\/hpha.org.ar\/wp-content\/uploads\/2021\/10\/Nota.png",1200,447,false],"landscape":["https:\/\/hpha.org.ar\/wp-content\/uploads\/2021\/10\/Nota.png",1200,447,false],"portraits":["https:\/\/hpha.org.ar\/wp-content\/uploads\/2021\/10\/Nota.png",1200,447,false],"thumbnail":["https:\/\/hpha.org.ar\/wp-content\/uploads\/2021\/10\/Nota.png",150,56,false],"medium":["https:\/\/hpha.org.ar\/wp-content\/uploads\/2021\/10\/Nota.png",300,112,false],"large":["https:\/\/hpha.org.ar\/wp-content\/uploads\/2021\/10\/Nota.png",860,320,false],"1536x1536":["https:\/\/hpha.org.ar\/wp-content\/uploads\/2021\/10\/Nota.png",1200,447,false],"2048x2048":["https:\/\/hpha.org.ar\/wp-content\/uploads\/2021\/10\/Nota.png",1200,447,false],"small-header":["https:\/\/hpha.org.ar\/wp-content\/uploads\/2021\/10\/Nota.png",591,220,false],"small-event":["https:\/\/hpha.org.ar\/wp-content\/uploads\/2021\/10\/Nota.png",100,37,false],"medium-event":["https:\/\/hpha.org.ar\/wp-content\/uploads\/2021\/10\/Nota.png",270,101,false],"large-event":["https:\/\/hpha.org.ar\/wp-content\/uploads\/2021\/10\/Nota.png",770,287,false],"large-event-2":["https:\/\/hpha.org.ar\/wp-content\/uploads\/2021\/10\/Nota.png",540,201,false],"document-thumb":["https:\/\/hpha.org.ar\/wp-content\/uploads\/2021\/10\/Nota.png",400,149,false],"gallery-full":["https:\/\/hpha.org.ar\/wp-content\/uploads\/2021\/10\/Nota.png",1200,447,false],"gallery-thumb":["https:\/\/hpha.org.ar\/wp-content\/uploads\/2021\/10\/Nota.png",540,201,false],"cause-medium":["https:\/\/hpha.org.ar\/wp-content\/uploads\/2021\/10\/Nota.png",900,335,false],"staff-home":["https:\/\/hpha.org.ar\/wp-content\/uploads\/2021\/10\/Nota.png",292,109,false]},"rttpg_author":{"display_name":"Paula","author_link":"https:\/\/hpha.org.ar\/en\/author\/habitatonar\/"},"rttpg_comment":0,"rttpg_category":"","rttpg_excerpt":null,"_links":{"self":[{"href":"https:\/\/hpha.org.ar\/en\/wp-json\/wp\/v2\/pages\/112","targetHints":{"allow":["GET"]}}],"collection":[{"href":"https:\/\/hpha.org.ar\/en\/wp-json\/wp\/v2\/pages"}],"about":[{"href":"https:\/\/hpha.org.ar\/en\/wp-json\/wp\/v2\/types\/page"}],"author":[{"embeddable":true,"href":"https:\/\/hpha.org.ar\/en\/wp-json\/wp\/v2\/users\/7"}],"replies":[{"embeddable":true,"href":"https:\/\/hpha.org.ar\/en\/wp-json\/wp\/v2\/comments?post=112"}],"version-history":[{"count":2,"href":"https:\/\/hpha.org.ar\/en\/wp-json\/wp\/v2\/pages\/112\/revisions"}],"predecessor-version":[{"id":3798,"href":"https:\/\/hpha.org.ar\/en\/wp-json\/wp\/v2\/pages\/112\/revisions\/3798"}],"wp:featuredmedia":[{"embeddable":true,"href":"https:\/\/hpha.org.ar\/en\/wp-json\/wp\/v2\/media\/4077"}],"wp:attachment":[{"href":"https:\/\/hpha.org.ar\/en\/wp-json\/wp\/v2\/media?parent=112"}],"curies":[{"name":"wp","href":"https:\/\/api.w.org\/{rel}","templated":true}]}}